{"id":99,"date":"2015-12-16T12:32:10","date_gmt":"2015-12-16T11:32:10","guid":{"rendered":"http:\/\/grundschule-karlshoehe-mit-zweigstellen.schulhomepages.hamburg.de\/?page_id=99"},"modified":"2015-12-16T12:32:10","modified_gmt":"2015-12-16T11:32:10","slug":"aktivitaeten","status":"publish","type":"page","link":"https:\/\/grundschule-am-gut.hamburg.de\/?page_id=99","title":{"rendered":"Aktivit\u00e4ten"},"content":{"rendered":"<h6>Monatstreffen<\/h6>\n<p>Einmal im Monat treffen sich alle Sch\u00fclerinnen und Sch\u00fcler mit ihren Lehrerinnen in unserer Aula und h\u00f6ren gespannt zu. Dann stellt n\u00e4mlich eine Klasse ein Unterrichtsprojekt vor, die Fl\u00f6tengruppe pr\u00e4sentiert ihr neuestes Werk oder eine Lehrerin liest aus einem Buch vor, das ihr richtig gut gefallen hat. Und die ganze Schulgemeinschaft staunt, was wir so alles k\u00f6nnen.<\/p>\n<h6>Sport- und Spielfest<\/h6>\n<p>Laufen, balancieren, werfen, klettern und kegeln &#8211; das sind die beliebtesten Disziplinen auf unserem Sport- und Spielfest, das\u00a0einmal im Jahr f\u00fcr alle unsere Sch\u00fclerinnen und Sch\u00fcler an der Karlsh\u00f6he stattfindet.\u00a0Dabei sind die Kinder auf dem gesamten Gel\u00e4nde in Aktion &#8211; nicht nur auf dem Sportplatz, sondern auch auf dem Schulhof.\u00a0\u00a0Hier geht es nicht um sportliche Herausforderungen, sondern es gibt\u00a0auch bunte Wettbewerbe wie Dosenwerfen, verschiedene Wasserspiele und vieles mehr. Und \u00e4hnlich wie bei den Bundesjugendspielen bekommen am Schluss der Veranstaltung alle M\u00e4dchen und Jungen f\u00fcr ihre Leistungen Urkunden. Denn wer toll springen und laufen kann, hat sich diese Anerkennung auch redlich verdient!<\/p>\n<h6>Aktive Pause<\/h6>\n<p>Damit die Kinder sich nach den Unterrichtstunden richtig austoben k\u00f6nnen, gibt es an unserer Schule die \u201eAktive Pause&#8220;. Mit Unterst\u00fctzung des Schulvereins stehen den Kindern nunmehr folgende Spielger\u00e4te zur Verf\u00fcgung, an oder mit denen sie ihren Bewegungsdrang ausleben k\u00f6nnen:<\/p>\n<ul>\n<li>der gro\u00dfe Sportplatz zum Fu\u00dfballspielen<\/li>\n<li>ein Kletterger\u00fcst mit Reckstangen<\/li>\n<li>eine Holzburg mit Rutsche, Seilen, Wackelbr\u00fccke und schiefer Ebene<\/li>\n<li>die gro\u00dfe Nestschaukel<\/li>\n<li>stabile Roller, Go-Cars und Dreir\u00e4der<\/li>\n<li>Dreir\u00e4der mit Anh\u00e4ngern, auf denen die Fahrer andere Kinder mitnehmen und transportieren k\u00f6nnen<\/li>\n<li>eine Rikscha<\/li>\n<li>Fun-Racer<\/li>\n<li>Stelzen und Pferdeleinen<\/li>\n<li>Springseile und -taue, Gummitwistb\u00e4nder, Hula-Hoop Reifen<\/li>\n<\/ul>\n<h6>Fahrrad-Aktionstag<\/h6>\n<p>Jedes Jahr findet auf unserem Schulhof an einem Wochenende der gro\u00dfe Fahrrad-Aktionstag statt. Dann nehmen unsere Polizei-Verkehrslehrer alle Fahrr\u00e4der der Kinder unter die Lupe. Sollten kleinere Reparaturen n\u00f6tig sein, ist auch ein professioneller Fahrradmechaniker zur Stelle. Er erkl\u00e4rt Kindern und Eltern, wie man die M\u00e4ngel beheben kann und packt bei Bedarf auch mit an, denn nur f\u00fcr verkehrssichere R\u00e4der gibt es die begehrte Sicherheits- plakette der Polizei. Au\u00dferdem k\u00f6nnen die Kinder zeigen, wie gut und sicher sie Rad fahren und auf einem spannenden Parcours um H\u00fctchen kurven und \u00fcber Wippen balancieren.<\/p>\n","protected":false},"excerpt":{"rendered":"<p>Monatstreffen Einmal im Monat treffen sich alle Sch\u00fclerinnen und Sch\u00fcler mit ihren Lehrerinnen in unserer Aula und h\u00f6ren gespannt zu. Dann stellt n\u00e4mlich eine Klasse ein Unterrichtsprojekt vor, die Fl\u00f6tengruppe pr\u00e4sentiert ihr neuestes Werk&#46;&#46;&#46;<\/p>\n","protected":false},"author":430,"featured_media":0,"parent":0,"menu_order":0,"comment_status":"closed","ping_status":"closed","template":"","meta":{"_acf_changed":false,"footnotes":""},"class_list":["post-99","page","type-page","status-publish","hentry"],"acf":[],"_links":{"self":[{"href":"https:\/\/grundschule-am-gut.hamburg.de\/index.php?rest_route=\/wp\/v2\/pages\/99","targetHints":{"allow":["GET"]}}],"collection":[{"href":"https:\/\/grundschule-am-gut.hamburg.de\/index.php?rest_route=\/wp\/v2\/pages"}],"about":[{"href":"https:\/\/grundschule-am-gut.hamburg.de\/index.php?rest_route=\/wp\/v2\/types\/page"}],"author":[{"embeddable":true,"href":"https:\/\/grundschule-am-gut.hamburg.de\/index.php?rest_route=\/wp\/v2\/users\/430"}],"replies":[{"embeddable":true,"href":"https:\/\/grundschule-am-gut.hamburg.de\/index.php?rest_route=%2Fwp%2Fv2%2Fcomments&post=99"}],"version-history":[{"count":0,"href":"https:\/\/grundschule-am-gut.hamburg.de\/index.php?rest_route=\/wp\/v2\/pages\/99\/revisions"}],"wp:attachment":[{"href":"https:\/\/grundschule-am-gut.hamburg.de\/index.php?rest_route=%2Fwp%2Fv2%2Fmedia&parent=99"}],"curies":[{"name":"wp","href":"https:\/\/api.w.org\/{rel}","templated":true}]}}