{"id":75,"date":"2015-12-02T19:11:49","date_gmt":"2015-12-02T18:11:49","guid":{"rendered":"http:\/\/grundschule-karlshoehe-mit-zweigstellen.schulhomepages.hamburg.de\/?page_id=75"},"modified":"2025-06-08T16:08:06","modified_gmt":"2025-06-08T14:08:06","slug":"schulbauernhof-projekt","status":"publish","type":"page","link":"https:\/\/grundschule-am-gut.hamburg.de\/?page_id=75","title":{"rendered":"BNE \u2013 Bildung f\u00fcr nachhaltige Entwicklung"},"content":{"rendered":"<h4 style=\"text-align: center\">Unser Schulgarten auf dem Gut Karlsh\u00f6he<\/h4>\n<p><img loading=\"lazy\" decoding=\"async\" class=\"aligncenter wp-image-2533 \" src=\"https:\/\/grundschule-am-gut.hamburg.de\/wp-content\/uploads\/sites\/232\/2024\/04\/Molli-auf-dem-Acker-2-scaled-e1712736166704-939x1024.jpg\" alt=\"\" width=\"604\" height=\"659\" srcset=\"https:\/\/grundschule-am-gut.hamburg.de\/wp-content\/uploads\/sites\/232\/2024\/04\/Molli-auf-dem-Acker-2-scaled-e1712736166704-939x1024.jpg 939w, https:\/\/grundschule-am-gut.hamburg.de\/wp-content\/uploads\/sites\/232\/2024\/04\/Molli-auf-dem-Acker-2-scaled-e1712736166704-275x300.jpg 275w, https:\/\/grundschule-am-gut.hamburg.de\/wp-content\/uploads\/sites\/232\/2024\/04\/Molli-auf-dem-Acker-2-scaled-e1712736166704-768x838.jpg 768w, https:\/\/grundschule-am-gut.hamburg.de\/wp-content\/uploads\/sites\/232\/2024\/04\/Molli-auf-dem-Acker-2-scaled-e1712736166704-1408x1536.jpg 1408w, https:\/\/grundschule-am-gut.hamburg.de\/wp-content\/uploads\/sites\/232\/2024\/04\/Molli-auf-dem-Acker-2-scaled-e1712736166704-1878x2048.jpg 1878w, https:\/\/grundschule-am-gut.hamburg.de\/wp-content\/uploads\/sites\/232\/2024\/04\/Molli-auf-dem-Acker-2-scaled-e1712736166704.jpg 1920w\" sizes=\"auto, (max-width: 604px) 100vw, 604px\" \/><\/p>\n<p style=\"font-weight: 400;text-align: center\"><em>Sage es mir und ich werde es vergessen.<\/em><br \/>\n<em>Zeige es mir und ich werde mich erinnern.<\/em><br \/>\n<em>Lass es mich tun und ich werde es verstehen.<\/em><br \/>\n<em>(Konfuzius)<\/em><\/p>\n<p style=\"font-weight: 400\">Unsere Schule ist schon lange Zeit mit dem Gut Karlsh\u00f6he verbunden. Seit vielen Jahren nehmen wir am Schulbauernhof-Projekt teil. In jeder Woche geht eine unserer Klassen auf das Gut und lernt dort, mit unserer Umweltp\u00e4dagogin, in und mit der Natur. Molli, ein Schaf auf dem Gut, ist schon seit einigen Jahren unser Patenschaf und so ist Molli, ein Pl\u00fcschtier, auch zu unserem Schulmaskottchen geworden. Die Kinder unserer Umweltgruppe haben sich von der Hamburger Klimaschutzstiftung zu Umweltdetektiven ausbilden lassen und unsere dritten Klassen nutzen die \u201eLernwerkstatt Energie\u201c auf dem Gut.<\/p>\n<p style=\"font-weight: 400\">BNE \u2013 die Bildung f\u00fcr nachhaltige Entwicklung \u2013 ist uns an unserer Schule sehr wichtig. Und in der Zusammenarbeit mit dem Gut Karlsh\u00f6he haben unsere Sch\u00fclerinnen und Sch\u00fcler die besten M\u00f6glichkeiten in, mit und f\u00fcr die Natur und Umwelt zu lernen. Nun haben wir auch die Patenschaft f\u00fcr ein Beet im Bauerngarten \u00fcbernommen. Wir m\u00f6chten dort mit unserer Schulgemeinschaft, mit Sch\u00fclerinnen und Sch\u00fclern, Kolleginnen und Kollegen vom Vormittag und von der Nachmittagsbetreuung und auch mit den Eltern g\u00e4rtnern.<\/p>\n<p><em>Text und Foto: M. R\u00f6bke<\/em><\/p>\n<h4><\/h4>\n<p><strong>Impressionen vom Schulbauernhof-Projekt auf dem Gut Karlsh\u00f6he<\/strong><\/p>\n<p><div id=\"metaslider-id-2157\" style=\"max-width: 750px; margin: 0 auto;\" class=\"ml-slider-3-107-0 metaslider metaslider-flex metaslider-2157 ml-slider has-dots-nav ms-theme-default\" role=\"region\" aria-label=\"Gut Karlsh\u00f6he\" data-height=\"450\" data-width=\"750\">\n    <div id=\"metaslider_container_2157\">\n        <div id=\"metaslider_2157\">\n            <ul class='slides'>\n                <li style=\"display: block; width: 100%;\" class=\"slide-2165 ms-image \" aria-roledescription=\"slide\" data-date=\"2023-02-09 16:08:25\" data-filename=\"IMG-20230207-WA0011-750x450.jpg\" data-slide-type=\"image\"><img loading=\"lazy\" decoding=\"async\" src=\"https:\/\/grundschule-am-gut.hamburg.de\/wp-content\/uploads\/sites\/232\/2023\/02\/IMG-20230207-WA0011-750x450.jpg\" height=\"450\" width=\"750\" alt=\"\" class=\"slider-2157 slide-2165 msDefaultImage\" title=\"IMG-20230207-WA0011\" \/><\/li>\n                <li style=\"display: none; width: 100%;\" class=\"slide-2166 ms-image \" aria-roledescription=\"slide\" data-date=\"2023-02-09 16:08:26\" data-filename=\"IMG-20230207-WA0009-750x450.jpg\" data-slide-type=\"image\"><img loading=\"lazy\" decoding=\"async\" src=\"https:\/\/grundschule-am-gut.hamburg.de\/wp-content\/uploads\/sites\/232\/2023\/02\/IMG-20230207-WA0009-750x450.jpg\" height=\"450\" width=\"750\" alt=\"\" class=\"slider-2157 slide-2166 msDefaultImage\" title=\"IMG-20230207-WA0009\" \/><\/li>\n                <li style=\"display: none; width: 100%;\" class=\"slide-2167 ms-image \" aria-roledescription=\"slide\" data-date=\"2023-02-09 16:08:26\" data-filename=\"IMG-20230207-WA0010-750x450.jpg\" data-slide-type=\"image\"><img loading=\"lazy\" decoding=\"async\" src=\"https:\/\/grundschule-am-gut.hamburg.de\/wp-content\/uploads\/sites\/232\/2023\/02\/IMG-20230207-WA0010-750x450.jpg\" height=\"450\" width=\"750\" alt=\"\" class=\"slider-2157 slide-2167 msDefaultImage\" title=\"IMG-20230207-WA0010\" \/><\/li>\n                <li style=\"display: none; width: 100%;\" class=\"slide-2168 ms-image \" aria-roledescription=\"slide\" data-date=\"2023-02-09 16:08:26\" data-filename=\"IMG-20230207-WA0008-750x450.jpg\" data-slide-type=\"image\"><img loading=\"lazy\" decoding=\"async\" src=\"https:\/\/grundschule-am-gut.hamburg.de\/wp-content\/uploads\/sites\/232\/2023\/02\/IMG-20230207-WA0008-750x450.jpg\" height=\"450\" width=\"750\" alt=\"\" class=\"slider-2157 slide-2168 msDefaultImage\" title=\"IMG-20230207-WA0008\" \/><\/li>\n                <li style=\"display: none; width: 100%;\" class=\"slide-2169 ms-image \" aria-roledescription=\"slide\" data-date=\"2023-02-09 16:08:26\" data-filename=\"IMG-20230207-WA0006-750x450.jpg\" data-slide-type=\"image\"><img loading=\"lazy\" decoding=\"async\" src=\"https:\/\/grundschule-am-gut.hamburg.de\/wp-content\/uploads\/sites\/232\/2023\/02\/IMG-20230207-WA0006-750x450.jpg\" height=\"450\" width=\"750\" alt=\"\" class=\"slider-2157 slide-2169 msDefaultImage\" title=\"IMG-20230207-WA0006\" \/><\/li>\n                <li style=\"display: none; width: 100%;\" class=\"slide-2170 ms-image \" aria-roledescription=\"slide\" data-date=\"2023-02-09 16:08:26\" data-filename=\"IMG-20230207-WA0005-750x450.jpg\" data-slide-type=\"image\"><img loading=\"lazy\" decoding=\"async\" src=\"https:\/\/grundschule-am-gut.hamburg.de\/wp-content\/uploads\/sites\/232\/2023\/02\/IMG-20230207-WA0005-750x450.jpg\" height=\"450\" width=\"750\" alt=\"\" class=\"slider-2157 slide-2170 msDefaultImage\" title=\"IMG-20230207-WA0005\" \/><\/li>\n                <li style=\"display: none; width: 100%;\" class=\"slide-2171 ms-image \" aria-roledescription=\"slide\" data-date=\"2023-02-09 16:08:27\" data-filename=\"IMG-20230207-WA0007-750x450.jpg\" data-slide-type=\"image\"><img loading=\"lazy\" decoding=\"async\" src=\"https:\/\/grundschule-am-gut.hamburg.de\/wp-content\/uploads\/sites\/232\/2023\/02\/IMG-20230207-WA0007-750x450.jpg\" height=\"450\" width=\"750\" alt=\"\" class=\"slider-2157 slide-2171 msDefaultImage\" title=\"IMG-20230207-WA0007\" \/><\/li>\n            <\/ul>\n        <\/div>\n        \n    <\/div>\n<\/div><em>Fotos: A. Heinemann<\/em><\/p>\n<p>Mehr zu diesem Projekt erfahren Sie auf den Internetseiten <a href=\"http:\/\/schulbauernhofprojekt.blogspot.de\">Schulbauernhof<\/a> und <a href=\"http:\/\/www.gut-karlshoehe.de\/startseite\/\">Gut Karlsh\u00f6he.<\/a><\/p>\n","protected":false},"excerpt":{"rendered":"<p>Unser Schulgarten auf dem Gut Karlsh\u00f6he Sage es mir und ich werde es vergessen. Zeige es mir und ich werde mich erinnern. Lass es mich tun und ich werde es verstehen. (Konfuzius) Unsere Schule&#46;&#46;&#46;<\/p>\n","protected":false},"author":430,"featured_media":0,"parent":0,"menu_order":0,"comment_status":"closed","ping_status":"closed","template":"","meta":{"_acf_changed":false,"footnotes":""},"class_list":["post-75","page","type-page","status-publish","hentry"],"acf":[],"_links":{"self":[{"href":"https:\/\/grundschule-am-gut.hamburg.de\/index.php?rest_route=\/wp\/v2\/pages\/75","targetHints":{"allow":["GET"]}}],"collection":[{"href":"https:\/\/grundschule-am-gut.hamburg.de\/index.php?rest_route=\/wp\/v2\/pages"}],"about":[{"href":"https:\/\/grundschule-am-gut.hamburg.de\/index.php?rest_route=\/wp\/v2\/types\/page"}],"author":[{"embeddable":true,"href":"https:\/\/grundschule-am-gut.hamburg.de\/index.php?rest_route=\/wp\/v2\/users\/430"}],"replies":[{"embeddable":true,"href":"https:\/\/grundschule-am-gut.hamburg.de\/index.php?rest_route=%2Fwp%2Fv2%2Fcomments&post=75"}],"version-history":[{"count":7,"href":"https:\/\/grundschule-am-gut.hamburg.de\/index.php?rest_route=\/wp\/v2\/pages\/75\/revisions"}],"predecessor-version":[{"id":3016,"href":"https:\/\/grundschule-am-gut.hamburg.de\/index.php?rest_route=\/wp\/v2\/pages\/75\/revisions\/3016"}],"wp:attachment":[{"href":"https:\/\/grundschule-am-gut.hamburg.de\/index.php?rest_route=%2Fwp%2Fv2%2Fmedia&parent=75"}],"curies":[{"name":"wp","href":"https:\/\/api.w.org\/{rel}","templated":true}]}}