{"id":74,"date":"2015-12-02T19:09:56","date_gmt":"2015-12-02T18:09:56","guid":{"rendered":"http:\/\/grundschule-karlshoehe-mit-zweigstellen.schulhomepages.hamburg.de\/?page_id=74"},"modified":"2023-03-02T09:34:08","modified_gmt":"2023-03-02T08:34:08","slug":"musik","status":"publish","type":"page","link":"https:\/\/grundschule-am-gut.hamburg.de\/?page_id=74","title":{"rendered":"Musik"},"content":{"rendered":"<p style=\"font-weight: 400\">Musikunterricht<br \/>\nMusik macht Spa\u00df und hilft beim Lernen. Unser Ziel ist es deshalb, den Kindern Musik nahe zu bringen und sie zum Musizieren anzuregen. Kinder, die Zugang zu Musik haben, lernen leichter und sind ausgeglichener. Aber vor allem haben alle Kinder viel Freude am Singen, Klatschen, Tanzen oder auf die Pauke hauen. In unseren Klassen wird daher regelm\u00e4\u00dfig gemeinsam Musik gemacht.\u00a0Auch das Malen und Bewegen zur Musik, das Sprechen \u00fcber Musik und erste Theoriekenntnisse kommen nicht zu kurz.<\/p>\n<p style=\"font-weight: 400\">Der Jahrgang 2 geht in den Klangraum der Musikschule Bergstedt, um die Instrumente einmal aus der N\u00e4he zu betrachten und auch einige Instrumente auszuprobieren. Dieser Ausflug ist der Abschluss der Einheit Instrumentenkunde.\u00a0Der Jahrgang 4 nimmt in der Regel an einer Instrumentenvorstellung der Hamburger Philharmoniker teil. Die Philharmoniker kommen seit einigen Jahren zu uns in die Schule und stellen den Sch\u00fclern ihre Instrumente vor. Wir hatten bisher Streichensembles und Holzbl\u00e4serquintette an unserer Schule. Vielleicht besuchen uns zuk\u00fcnftig auch einmal die Blechbl\u00e4ser. Im Gegenzug geht der Jahrgang 4 in eine Auff\u00fchrung in das Foyer der Staatsoper und besucht \u201eihre\u201c Musiker bei der Arbeit.<\/p>\n<p style=\"font-weight: 400\">Musik-AGs<br \/>\nErg\u00e4nzend zum Unterricht bieten wir an unserer Schule f\u00fcr die Sch\u00fcler vertiefende Kurse an. An der Thomas-Mann-Stra\u00dfe gibt es freitags einen Chor f\u00fcr die Sch\u00fcler der VSK bis zum Jahrgang 4, f\u00fcr Klasse 2 gibt es einen Anf\u00e4ngerkurs Querfl\u00f6te und f\u00fcr den Jahrgang 3 einen Aufbaukurs Querfl\u00f6te im Programm Pfiffikus. Dar\u00fcber hinaus gibt es auch noch den Instrumentenzirkus f\u00fcr die VSK und Klasse 1.\u00a0Am Hohnerkamp gibt es montags einen jahrgangs\u00fcbergreifenden Chor, der regelm\u00e4\u00dfig kleine selbstgeschriebene Musicals zur Auff\u00fchrung bringt.<\/p>\n<p style=\"font-weight: 400\">Tanz<br \/>\nTanzen bringt alle in Bewegung \u2013 das wissen die Sch\u00fcler unserer Standorte\u00a0besonders zu sch\u00e4tzen. Unsere Erstkl\u00e4ssler haben daher Tanzunterricht bei einer Lehrerin der Jugendmusikschule. Der Unterricht bringt allen viel Freude und ist eine gute Schulung f\u00fcr Rhythmusgef\u00fchl und Bewegungsgeschicklichkeit.<\/p>\n","protected":false},"excerpt":{"rendered":"<p>Musikunterricht Musik macht Spa\u00df und hilft beim Lernen. Unser Ziel ist es deshalb, den Kindern Musik nahe zu bringen und sie zum Musizieren anzuregen. Kinder, die Zugang zu Musik haben, lernen leichter und sind&#46;&#46;&#46;<\/p>\n","protected":false},"author":430,"featured_media":0,"parent":0,"menu_order":0,"comment_status":"closed","ping_status":"closed","template":"","meta":{"_acf_changed":false,"footnotes":""},"class_list":["post-74","page","type-page","status-publish","hentry"],"acf":[],"_links":{"self":[{"href":"https:\/\/grundschule-am-gut.hamburg.de\/index.php?rest_route=\/wp\/v2\/pages\/74","targetHints":{"allow":["GET"]}}],"collection":[{"href":"https:\/\/grundschule-am-gut.hamburg.de\/index.php?rest_route=\/wp\/v2\/pages"}],"about":[{"href":"https:\/\/grundschule-am-gut.hamburg.de\/index.php?rest_route=\/wp\/v2\/types\/page"}],"author":[{"embeddable":true,"href":"https:\/\/grundschule-am-gut.hamburg.de\/index.php?rest_route=\/wp\/v2\/users\/430"}],"replies":[{"embeddable":true,"href":"https:\/\/grundschule-am-gut.hamburg.de\/index.php?rest_route=%2Fwp%2Fv2%2Fcomments&post=74"}],"version-history":[{"count":2,"href":"https:\/\/grundschule-am-gut.hamburg.de\/index.php?rest_route=\/wp\/v2\/pages\/74\/revisions"}],"predecessor-version":[{"id":2197,"href":"https:\/\/grundschule-am-gut.hamburg.de\/index.php?rest_route=\/wp\/v2\/pages\/74\/revisions\/2197"}],"wp:attachment":[{"href":"https:\/\/grundschule-am-gut.hamburg.de\/index.php?rest_route=%2Fwp%2Fv2%2Fmedia&parent=74"}],"curies":[{"name":"wp","href":"https:\/\/api.w.org\/{rel}","templated":true}]}}