{"id":65,"date":"2015-11-26T10:14:29","date_gmt":"2015-11-26T09:14:29","guid":{"rendered":"http:\/\/grundschule-karlshoehe-mit-zweigstellen.schulhomepages.hamburg.de\/?page_id=65"},"modified":"2015-12-16T11:08:54","modified_gmt":"2015-12-16T10:08:54","slug":"schwerpunkte","status":"publish","type":"page","link":"https:\/\/grundschule-am-gut.hamburg.de\/?page_id=65","title":{"rendered":"Schwerpunkte"},"content":{"rendered":"<p>Kinder sind von sich aus neugierig und lernhungrig &#8211; sie m\u00f6chten sich und ihre Welt entdecken und verstehen. Unsere Schule will die M\u00e4dchen und Jungen dabei unterst\u00fctzen, ihr mitgebrachtes Potential zu entfalten.<\/p>\n<p>&nbsp;<\/p>\n","protected":false},"excerpt":{"rendered":"<p>Kinder sind von sich aus neugierig und lernhungrig &#8211; sie m\u00f6chten sich und ihre Welt entdecken und verstehen. Unsere Schule will die M\u00e4dchen und Jungen dabei unterst\u00fctzen, ihr mitgebrachtes Potential zu entfalten. &nbsp;<\/p>\n","protected":false},"author":430,"featured_media":0,"parent":0,"menu_order":0,"comment_status":"closed","ping_status":"closed","template":"","meta":{"_acf_changed":false,"footnotes":""},"class_list":["post-65","page","type-page","status-publish","hentry"],"acf":[],"_links":{"self":[{"href":"https:\/\/grundschule-am-gut.hamburg.de\/index.php?rest_route=\/wp\/v2\/pages\/65","targetHints":{"allow":["GET"]}}],"collection":[{"href":"https:\/\/grundschule-am-gut.hamburg.de\/index.php?rest_route=\/wp\/v2\/pages"}],"about":[{"href":"https:\/\/grundschule-am-gut.hamburg.de\/index.php?rest_route=\/wp\/v2\/types\/page"}],"author":[{"embeddable":true,"href":"https:\/\/grundschule-am-gut.hamburg.de\/index.php?rest_route=\/wp\/v2\/users\/430"}],"replies":[{"embeddable":true,"href":"https:\/\/grundschule-am-gut.hamburg.de\/index.php?rest_route=%2Fwp%2Fv2%2Fcomments&post=65"}],"version-history":[{"count":1,"href":"https:\/\/grundschule-am-gut.hamburg.de\/index.php?rest_route=\/wp\/v2\/pages\/65\/revisions"}],"predecessor-version":[{"id":78,"href":"https:\/\/grundschule-am-gut.hamburg.de\/index.php?rest_route=\/wp\/v2\/pages\/65\/revisions\/78"}],"wp:attachment":[{"href":"https:\/\/grundschule-am-gut.hamburg.de\/index.php?rest_route=%2Fwp%2Fv2%2Fmedia&parent=65"}],"curies":[{"name":"wp","href":"https:\/\/api.w.org\/{rel}","templated":true}]}}