{"id":64,"date":"2015-11-26T10:05:35","date_gmt":"2015-11-26T09:05:35","guid":{"rendered":"http:\/\/grundschule-karlshoehe-mit-zweigstellen.schulhomepages.hamburg.de\/?page_id=64"},"modified":"2022-10-05T14:10:24","modified_gmt":"2022-10-05T12:10:24","slug":"lesekompetenz","status":"publish","type":"page","link":"https:\/\/grundschule-am-gut.hamburg.de\/?page_id=64","title":{"rendered":"Lesekompetenz"},"content":{"rendered":"<p>Lesen hat in der Grundschule am Gut einen hohen Stellenwert. F\u00fcr Erwachsene ist Lesen allt\u00e4gliches Handwerkszeug, f\u00fcr Grundschulkinder ist es aber zun\u00e4chst einmal harte Arbeit und gro\u00dfer Lernaufwand. Wir m\u00f6chten, dass die M\u00e4dchen und Jungen Spa\u00df an B\u00fcchern und am Lesen haben und diese Freude m\u00f6chten wir den Kindern vermitteln.<\/p>\n<p>Dabei geht es uns nicht nur um das Beherrschen von Buchstaben und das Erkennen von Worten. Wir m\u00f6chten vor allem, dass die Kinder lernen, sinnentnehmend zu lesen. Sie sollen Texte verstehen und eigene Texte schreiben k\u00f6nnen.<\/p>\n<p>Zum Lernen geh\u00f6rt auch immer das \u00dcben, auch wenn es vielen Kindern richtig l\u00e4stig ist. Damit sie dennoch die Freude am Lesen nicht verlieren, bieten wir viele kindgerechte Aktivit\u00e4ten an. So haben wir eine gro\u00dfe Sch\u00fclerb\u00fccherei, in der die Kinder neue B\u00fccher lesen und ausleihen oder einfach nur schm\u00f6kern oder spielen k\u00f6nnen. Auch die Lesekisten, die in vielen Klassen stehen, werden aus der Sch\u00fclerb\u00fccherei best\u00fcckt. Aus ihnen k\u00f6nnen sich die Kinder zu den Lesezeiten im Unterricht nach eigenen W\u00fcnschen bedienen und dann gem\u00fctlich auf dem Sofa oder am Fenster sitzend in die Welt von Kommissar Kugelblitz, Hexe Lilli oder die Kurzgeschichten der Lesel\u00f6wen eintauchen.<\/p>\n<p>Au\u00dferdem gehen wir regelm\u00e4\u00dfig mit den Kindern in die B\u00fccherhalle, besuchen Kinderlesungen oder laden Kinderbuchautoren und Illustratoren ein.\u00a0 Auch die Teilnahme an den Hamburger Lesetagen sowie am Hamburger <a href=\"http:\/\/www.seiteneinsteiger-hamburg.de\/index.php\">Lesefest Seiteneinsteiger <\/a>sind feste Programmpunkte.<\/p>\n<p><strong>Ehrenamtliche 1:1-Lesef\u00f6rderung durch MENTOR an unserer Schule<\/strong><b><br \/>\n<\/b>Der Schritt vom Lesen zum Verstehen ist f\u00fcr viele Kinder gro\u00df.\u00a0MENTOR \u2013 Die Leselernhelfer HAMBURG e.V. hilft Sch\u00fclerinnen und Sch\u00fclern, diesen Schritt dennoch zu wagen und dabei die Lust am Lesen zu entdecken &#8211; denn Lesen lernen macht stark!<\/p>\n<p>Schule und Verein bringen gemeinsam Sch\u00fcler:innen und Lesementor:innen zusammen. Voraussetzung ist, dass die Kinder die individuelle Unterst\u00fctzung freiwillig annehmen und dass die Eltern einverstanden sind. Mentor:in und Sch\u00fcler:in treffen sich mindestens ein Jahr lang einmal in der Woche in der Schule zur gemeinsamen Lesestunde. In der 1:1-Betreuung ermutigen die Erwachsenen die Kinder nicht nur zu lesen, sondern auch \u00fcber das Gelesene zu sprechen. Das alles geschieht spielerisch, freiwillig und ohne Leistungsdruck; die Lesestunden sind kein F\u00f6rder- oder Nachhilfeunterricht. Lesestunden gestalten sich unabh\u00e4ngig vom Unterricht. An unserer Schule begleiten zurzeit 15 ehrenamtliche Mentor*innen Schulkinder beim Lesenlernen.\u00a0Wir sind den ehrenamtlichen Lesepat:innen sehr dankbar f\u00fcr ihre Unterst\u00fctzung unserer p\u00e4dagogischen Arbeit!<br \/>\nWeitere Informationen \u00fcber den Verein finden Sie unter:\u00a0<a href=\"http:\/\/mentor-hamburg.de\/\" target=\"_blank\" rel=\"noopener\">http:\/\/www.mentor-hamburg.de<\/a><\/p>\n<div class=\"maintext\">\n<p>&nbsp;<\/p>\n<p>&nbsp;<\/p>\n<\/div>\n","protected":false},"excerpt":{"rendered":"<p>Lesen hat in der Grundschule am Gut einen hohen Stellenwert. F\u00fcr Erwachsene ist Lesen allt\u00e4gliches Handwerkszeug, f\u00fcr Grundschulkinder ist es aber zun\u00e4chst einmal harte Arbeit und gro\u00dfer Lernaufwand. Wir m\u00f6chten, dass die M\u00e4dchen und&#46;&#46;&#46;<\/p>\n","protected":false},"author":430,"featured_media":0,"parent":0,"menu_order":0,"comment_status":"closed","ping_status":"closed","template":"","meta":{"_acf_changed":false,"footnotes":""},"class_list":["post-64","page","type-page","status-publish","hentry"],"acf":[],"_links":{"self":[{"href":"https:\/\/grundschule-am-gut.hamburg.de\/index.php?rest_route=\/wp\/v2\/pages\/64","targetHints":{"allow":["GET"]}}],"collection":[{"href":"https:\/\/grundschule-am-gut.hamburg.de\/index.php?rest_route=\/wp\/v2\/pages"}],"about":[{"href":"https:\/\/grundschule-am-gut.hamburg.de\/index.php?rest_route=\/wp\/v2\/types\/page"}],"author":[{"embeddable":true,"href":"https:\/\/grundschule-am-gut.hamburg.de\/index.php?rest_route=\/wp\/v2\/users\/430"}],"replies":[{"embeddable":true,"href":"https:\/\/grundschule-am-gut.hamburg.de\/index.php?rest_route=%2Fwp%2Fv2%2Fcomments&post=64"}],"version-history":[{"count":5,"href":"https:\/\/grundschule-am-gut.hamburg.de\/index.php?rest_route=\/wp\/v2\/pages\/64\/revisions"}],"predecessor-version":[{"id":2080,"href":"https:\/\/grundschule-am-gut.hamburg.de\/index.php?rest_route=\/wp\/v2\/pages\/64\/revisions\/2080"}],"wp:attachment":[{"href":"https:\/\/grundschule-am-gut.hamburg.de\/index.php?rest_route=%2Fwp%2Fv2%2Fmedia&parent=64"}],"curies":[{"name":"wp","href":"https:\/\/api.w.org\/{rel}","templated":true}]}}