{"id":38,"date":"2015-11-25T19:50:17","date_gmt":"2015-11-25T18:50:17","guid":{"rendered":"http:\/\/grundschule-karlshoehe-mit-zweigstellen.schulhomepages.hamburg.de\/?page_id=38"},"modified":"2020-11-20T14:25:43","modified_gmt":"2020-11-20T13:25:43","slug":"vorschule","status":"publish","type":"page","link":"https:\/\/grundschule-am-gut.hamburg.de\/?page_id=38","title":{"rendered":"Vorschule"},"content":{"rendered":"<p>In der Vorschule sollen die Voraussetzungen f\u00fcr das Lernen und Arbeiten in der Schule geschaffen werden. Wir unterst\u00fctzen die Kinder dabei, sich in einer sozialen Gruppe einzuleben und ihren Platz zu finden, aber auch, sich in schulischen R\u00e4umen und schulischen Abl\u00e4ufen zurecht zu finden.<\/p>\n<p>Die Schul-J\u00fcngsten lernen bei uns vorwiegend \u00fcber das Spiel. Sie \u00fcben so auf spielerische Art und Weise, sich \u00fcber einen l\u00e4ngeren Zeitraum auf eine vorgegebene Aufgabenstellung zu konzentrieren und Arbeitsschritte einzuteilen. T\u00e4glich gibt es aber auch l\u00e4ngere \u201efreie&#8220; Spielzeiten.<\/p>\n<p><strong>Das bieten wir an:<\/strong><\/p>\n<ul>\n<li>Im Morgenkreis singen wir Lieder und Sprechverse, zudem \u00fcben wir Kreisspiele<\/li>\n<li>Wir musizieren mit Rhythmus-Instrumenten, tanzen und gestalten Bewegungslieder<\/li>\n<li>Durch Vorlesen und Gespr\u00e4chsrunden im Kreis, aber auch durch gezielte \u00dcbungen f\u00fcr einzelne Kinder, unterst\u00fctzen wir die allgemeine und individuelle Sprachf\u00f6rderung<\/li>\n<li>Mathematische Grunderfahrungen vermitteln wir durch Mengen- und Zahlentraining, h\u00e4ufig als Stationsarbeit<\/li>\n<li>Bewegung ist uns wichtig, Daher gehen wir regelm\u00e4\u00dfig in die Turnhalle und nutzen unseren schuleigenen Psychomotorikraum oder den Pyschomotorikaufbau in Berne<\/li>\n<li>Wir basteln, malen, kneten, tuschen, sticken, weben, backen u.v.m.<\/li>\n<li>Nat\u00fcrlich kommen auch jahreszeitliche Feierlichkeiten nicht zu kurz, wie beispielsweise Fasching, Erntedank und Sommer- und Sportfeste<\/li>\n<\/ul>\n<p>&nbsp;<\/p>\n<p><strong>Unsere R\u00e4umlichkeiten:<\/strong><\/p>\n<p><img loading=\"lazy\" decoding=\"async\" class=\"alignnone wp-image-1230\" src=\"https:\/\/grundschule-am-gut.hamburg.de\/wp-content\/uploads\/sites\/232\/2020\/11\/IMG-20201105-WA0003-300x225.jpg\" alt=\"\" width=\"308\" height=\"231\" srcset=\"https:\/\/grundschule-am-gut.hamburg.de\/wp-content\/uploads\/sites\/232\/2020\/11\/IMG-20201105-WA0003-300x225.jpg 300w, https:\/\/grundschule-am-gut.hamburg.de\/wp-content\/uploads\/sites\/232\/2020\/11\/IMG-20201105-WA0003-1024x768.jpg 1024w, https:\/\/grundschule-am-gut.hamburg.de\/wp-content\/uploads\/sites\/232\/2020\/11\/IMG-20201105-WA0003-768x576.jpg 768w, https:\/\/grundschule-am-gut.hamburg.de\/wp-content\/uploads\/sites\/232\/2020\/11\/IMG-20201105-WA0003-1536x1153.jpg 1536w, https:\/\/grundschule-am-gut.hamburg.de\/wp-content\/uploads\/sites\/232\/2020\/11\/IMG-20201105-WA0003.jpg 1599w\" sizes=\"auto, (max-width: 308px) 100vw, 308px\" \/>\u00a0\u00a0<img loading=\"lazy\" decoding=\"async\" class=\"alignnone wp-image-1229\" src=\"https:\/\/grundschule-am-gut.hamburg.de\/wp-content\/uploads\/sites\/232\/2020\/11\/IMG-20201105-WA0004-300x225.jpg\" alt=\"\" width=\"308\" height=\"231\" srcset=\"https:\/\/grundschule-am-gut.hamburg.de\/wp-content\/uploads\/sites\/232\/2020\/11\/IMG-20201105-WA0004-300x225.jpg 300w, https:\/\/grundschule-am-gut.hamburg.de\/wp-content\/uploads\/sites\/232\/2020\/11\/IMG-20201105-WA0004-1024x768.jpg 1024w, https:\/\/grundschule-am-gut.hamburg.de\/wp-content\/uploads\/sites\/232\/2020\/11\/IMG-20201105-WA0004-768x576.jpg 768w, https:\/\/grundschule-am-gut.hamburg.de\/wp-content\/uploads\/sites\/232\/2020\/11\/IMG-20201105-WA0004-1536x1153.jpg 1536w, https:\/\/grundschule-am-gut.hamburg.de\/wp-content\/uploads\/sites\/232\/2020\/11\/IMG-20201105-WA0004.jpg 1599w\" sizes=\"auto, (max-width: 308px) 100vw, 308px\" \/> \u00a0<img loading=\"lazy\" decoding=\"async\" class=\"alignnone wp-image-1231\" src=\"https:\/\/grundschule-am-gut.hamburg.de\/wp-content\/uploads\/sites\/232\/2020\/11\/IMG-20201105-WA0005-300x225.jpg\" alt=\"\" width=\"307\" height=\"230\" srcset=\"https:\/\/grundschule-am-gut.hamburg.de\/wp-content\/uploads\/sites\/232\/2020\/11\/IMG-20201105-WA0005-300x225.jpg 300w, https:\/\/grundschule-am-gut.hamburg.de\/wp-content\/uploads\/sites\/232\/2020\/11\/IMG-20201105-WA0005-1024x768.jpg 1024w, https:\/\/grundschule-am-gut.hamburg.de\/wp-content\/uploads\/sites\/232\/2020\/11\/IMG-20201105-WA0005-768x576.jpg 768w, https:\/\/grundschule-am-gut.hamburg.de\/wp-content\/uploads\/sites\/232\/2020\/11\/IMG-20201105-WA0005-1536x1153.jpg 1536w, https:\/\/grundschule-am-gut.hamburg.de\/wp-content\/uploads\/sites\/232\/2020\/11\/IMG-20201105-WA0005.jpg 1599w\" sizes=\"auto, (max-width: 307px) 100vw, 307px\" \/><\/p>\n<p>In der Vorschulklasse gibt es neben unserem Morgenkreis auch Kuschel-, Puppen- und Bauecken, damit sich die Kinder wohlf\u00fchlen.<\/p>\n<p>&nbsp;<\/p>\n<p><strong>Eindr\u00fccke aus der Vorschule:<\/strong><\/p>\n<div id=\"metaslider-id-1323\" style=\"max-width: 750px; margin: 0 auto;\" class=\"ml-slider-3-107-0 metaslider metaslider-flex metaslider-1323 ml-slider has-dots-nav ms-theme-default\" role=\"region\" aria-label=\"Eindr\u00fccke aus der VSK\" data-height=\"450\" data-width=\"750\">\n    <div id=\"metaslider_container_1323\">\n        <div id=\"metaslider_1323\">\n            <ul class='slides'>\n                <li style=\"display: block; width: 100%;\" class=\"slide-1332 ms-image \" aria-roledescription=\"slide\" data-date=\"2020-11-20 14:24:00\" data-filename=\"IMG-20201119-WA0002-750x450.jpg\" data-slide-type=\"image\"><img loading=\"lazy\" decoding=\"async\" src=\"https:\/\/grundschule-am-gut.hamburg.de\/wp-content\/uploads\/sites\/232\/2020\/11\/IMG-20201119-WA0002-750x450.jpg\" height=\"450\" width=\"750\" alt=\"\" class=\"slider-1323 slide-1332 msDefaultImage\" title=\"IMG-20201119-WA0002\" \/><\/li>\n                <li style=\"display: none; width: 100%;\" class=\"slide-1325 ms-image \" aria-roledescription=\"slide\" data-date=\"2020-11-20 14:19:53\" data-filename=\"IMG-20201119-WA0000-750x450.jpg\" data-slide-type=\"image\"><img loading=\"lazy\" decoding=\"async\" src=\"https:\/\/grundschule-am-gut.hamburg.de\/wp-content\/uploads\/sites\/232\/2020\/11\/IMG-20201119-WA0000-750x450.jpg\" height=\"450\" width=\"750\" alt=\"\" class=\"slider-1323 slide-1325 msDefaultImage\" title=\"IMG-20201119-WA0000\" \/><\/li>\n                <li style=\"display: none; width: 100%;\" class=\"slide-1333 ms-image \" aria-roledescription=\"slide\" data-date=\"2020-11-20 14:24:00\" data-filename=\"IMG-20201119-WA0003-750x450.jpg\" data-slide-type=\"image\"><img loading=\"lazy\" decoding=\"async\" src=\"https:\/\/grundschule-am-gut.hamburg.de\/wp-content\/uploads\/sites\/232\/2020\/11\/IMG-20201119-WA0003-750x450.jpg\" height=\"450\" width=\"750\" alt=\"\" class=\"slider-1323 slide-1333 msDefaultImage\" title=\"IMG-20201119-WA0003\" \/><\/li>\n                <li style=\"display: none; width: 100%;\" class=\"slide-1336 ms-image \" aria-roledescription=\"slide\" data-date=\"2020-11-20 14:24:44\" data-filename=\"IMG-20201119-WA0007-750x450.jpg\" data-slide-type=\"image\"><img loading=\"lazy\" decoding=\"async\" src=\"https:\/\/grundschule-am-gut.hamburg.de\/wp-content\/uploads\/sites\/232\/2020\/11\/IMG-20201119-WA0007-750x450.jpg\" height=\"450\" width=\"750\" alt=\"\" class=\"slider-1323 slide-1336 msDefaultImage\" title=\"IMG-20201119-WA0007\" \/><\/li>\n                <li style=\"display: none; width: 100%;\" class=\"slide-1337 ms-image \" aria-roledescription=\"slide\" data-date=\"2020-11-20 14:24:44\" data-filename=\"IMG-20201119-WA0006-750x450.jpg\" data-slide-type=\"image\"><img loading=\"lazy\" decoding=\"async\" src=\"https:\/\/grundschule-am-gut.hamburg.de\/wp-content\/uploads\/sites\/232\/2020\/11\/IMG-20201119-WA0006-750x450.jpg\" height=\"450\" width=\"750\" alt=\"\" class=\"slider-1323 slide-1337 msDefaultImage\" title=\"IMG-20201119-WA0006\" \/><\/li>\n            <\/ul>\n        <\/div>\n        \n    <\/div>\n<\/div>\n<p>Die Vorschule ist eine Einrichtung der Hansestadt Hamburg f\u00fcr Kinder im Alter zwischen 4\u00bd und 6 Jahren. Es k\u00f6nnen je Klasse 20 bis 23 Kinder aufgenommen werden. Betreut und unterrichtet werden die Kinder von jeweils einer erfahrenen Sozialp\u00e4dagogin. Unsere Unterrichtszeiten sind von 8 bis 13 Uhr, beginnend mit einer &#8222;Offenen Eingangsphase&#8220; bis 8.30 Uhr.<\/p>\n","protected":false},"excerpt":{"rendered":"<p>In der Vorschule sollen die Voraussetzungen f\u00fcr das Lernen und Arbeiten in der Schule geschaffen werden. Wir unterst\u00fctzen die Kinder dabei, sich in einer sozialen Gruppe einzuleben und ihren Platz zu finden, aber auch,&#46;&#46;&#46;<\/p>\n","protected":false},"author":430,"featured_media":0,"parent":0,"menu_order":0,"comment_status":"closed","ping_status":"closed","template":"","meta":{"_acf_changed":false,"footnotes":""},"class_list":["post-38","page","type-page","status-publish","hentry"],"acf":[],"_links":{"self":[{"href":"https:\/\/grundschule-am-gut.hamburg.de\/index.php?rest_route=\/wp\/v2\/pages\/38","targetHints":{"allow":["GET"]}}],"collection":[{"href":"https:\/\/grundschule-am-gut.hamburg.de\/index.php?rest_route=\/wp\/v2\/pages"}],"about":[{"href":"https:\/\/grundschule-am-gut.hamburg.de\/index.php?rest_route=\/wp\/v2\/types\/page"}],"author":[{"embeddable":true,"href":"https:\/\/grundschule-am-gut.hamburg.de\/index.php?rest_route=\/wp\/v2\/users\/430"}],"replies":[{"embeddable":true,"href":"https:\/\/grundschule-am-gut.hamburg.de\/index.php?rest_route=%2Fwp%2Fv2%2Fcomments&post=38"}],"version-history":[{"count":5,"href":"https:\/\/grundschule-am-gut.hamburg.de\/index.php?rest_route=\/wp\/v2\/pages\/38\/revisions"}],"predecessor-version":[{"id":1338,"href":"https:\/\/grundschule-am-gut.hamburg.de\/index.php?rest_route=\/wp\/v2\/pages\/38\/revisions\/1338"}],"wp:attachment":[{"href":"https:\/\/grundschule-am-gut.hamburg.de\/index.php?rest_route=%2Fwp%2Fv2%2Fmedia&parent=38"}],"curies":[{"name":"wp","href":"https:\/\/api.w.org\/{rel}","templated":true}]}}