{"id":37,"date":"2015-11-25T16:22:23","date_gmt":"2015-11-25T15:22:23","guid":{"rendered":"http:\/\/grundschule-karlshoehe-mit-zweigstellen.schulhomepages.hamburg.de\/?page_id=37"},"modified":"2026-02-23T19:07:07","modified_gmt":"2026-02-23T18:07:07","slug":"schulverein","status":"publish","type":"page","link":"https:\/\/grundschule-am-gut.hamburg.de\/?page_id=37","title":{"rendered":"Schulverein"},"content":{"rendered":"<p><em><strong>Diese Seite ist ein externes Angebot des Schulvereins; die Verantwortlichkeit f\u00fcr den Inhalt liegt beim Schulverein.<\/strong><\/em><\/p>\n<p>Unser Schulverein setzt sich ganz allgemein f\u00fcr die F\u00f6rderung aller Sch\u00fclerinnen und Sch\u00fcler unserer Schule ein. Konkret bedeutet dies, dass wir aus den Mitgliedsbeitr\u00e4gen und Spenden zahlreiche Aktionen bezuschussen, die sonst nicht f\u00fcr alle Kinder gleicherma\u00dfen verwirklicht werden k\u00f6nnten. Dazu geh\u00f6rten in den vergangenen Jahren z. B. die Einrichtung eines gr\u00fcnen Schulhofs und des gr\u00fcnen Klassenzimmers, die Beihilfen zu Klassenreisen, Unterst\u00fctzung der \u201eKlasse 2000\u201c sowie der Kauf diverser Spielger\u00e4te.<\/p>\n<p>Unterst\u00fctzt werden weiterhin viele Aktivit\u00e4ten. Dies sind insbesondere gemeinsame Theaterbesuche, Musikveranstaltungen, der \u201eZirkus Zaretti\u201c, Schulfeste sowie unser gro\u00dfer Schulausflug. Der Schulverein hat auch die Einrichtung der Sch\u00fclerb\u00fcchereien an beiden Standorten unterst\u00fctzt.<\/p>\n<p>Mit ihrem Mitgliedsbeitrag von j\u00e4hrlich ab \u20ac 12,00 pro Familie unterst\u00fctzen Sie die Arbeit des Schulvereins und tun damit im Allgemeinen wie auch im Speziellen allen Kindern etwas Gutes. Selbstverst\u00e4ndlich sind wir hocherfreut, wenn Sie dar\u00fcber hinaus mehr spenden m\u00f6chten!<\/p>\n<p>Ehrenamtlicher Vorstand:<\/p>\n<div class=\"\">Jennifer Franz (Vorsitzende)<br \/>\nSina Wagner (Schriftf\u00fchrerin)<br \/>\nGert Freydag (Kassenwart)<br \/>\nJanina K\u00f6lske (Beir\u00e4tin)<\/div>\n<p>&nbsp;<\/p>\n<p>Unseren Flyer (mit Beitrittserkl\u00e4rung) finden Sie hier:<\/p>\n<p><em><a href=\"https:\/\/grundschule-am-gut.hamburg.de\/wp-content\/uploads\/sites\/232\/2025\/11\/2025_Flyer-Schulverein_GS-Am-Gut.pdf\" target=\"_blank\" rel=\"noopener\">&gt;&gt; Flyer Schulverein Grundschule am Gut<\/a> <\/em>(f\u00fcr den Inhalt \u00a0ist allein der Schulverein verantwortlich)<\/p>\n<p>KONTAKT<br \/>\nSchulverein der Grundschule am Gut e.V.<br \/>\nThomas-Mann-Stra\u00dfe 2<br \/>\n22175 Hamburg<\/p>\n<p>Verantwortliche Ansprechpartnerin: Jennifer Franz<br \/>\nE-Mail: Schulverein@gmx.de<br \/>\nTel: 0177 54 59 075<\/p>\n<p>&nbsp;<\/p>\n<p>SCHULKLEIDUNG<\/p>\n<p><img loading=\"lazy\" decoding=\"async\" class=\"wp-image-3350 alignleft\" src=\"https:\/\/grundschule-am-gut.hamburg.de\/wp-content\/uploads\/sites\/232\/2026\/02\/Bildschirmfoto-2026-02-19-um-15.50.17-1024x919.png\" alt=\"\" width=\"480\" height=\"430\" srcset=\"https:\/\/grundschule-am-gut.hamburg.de\/wp-content\/uploads\/sites\/232\/2026\/02\/Bildschirmfoto-2026-02-19-um-15.50.17-1024x919.png 1024w, https:\/\/grundschule-am-gut.hamburg.de\/wp-content\/uploads\/sites\/232\/2026\/02\/Bildschirmfoto-2026-02-19-um-15.50.17-300x269.png 300w, https:\/\/grundschule-am-gut.hamburg.de\/wp-content\/uploads\/sites\/232\/2026\/02\/Bildschirmfoto-2026-02-19-um-15.50.17-768x689.png 768w, https:\/\/grundschule-am-gut.hamburg.de\/wp-content\/uploads\/sites\/232\/2026\/02\/Bildschirmfoto-2026-02-19-um-15.50.17.png 1427w\" sizes=\"auto, (max-width: 480px) 100vw, 480px\" \/><\/p>\n<p>Mit unserem neuen Partner Brosch Textil haben wir einen regionalen Anbieter gefunden, der viel Wert auf das Thema Nachhaltigkeit und Klimawandel legt.<\/p>\n<p>Im Online-Shop werden T-Shirts, Pullis sowie Sportartikel und Accessoires angeboten, viele Bio bzw. \u00f6kologisch hergestellt.<br \/>\nDie Artikel k\u00f6nnen direkt per PayPal bezahlt und per DPD geliefert werden, alternativ kann die Bestellung auch direkt im Ladengesch\u00e4ft von Brosch Textil in Poppenb\u00fcttel abgeholt werden (Adresse s.u.).<\/p>\n<p><img loading=\"lazy\" decoding=\"async\" class=\"alignright  wp-image-3380\" src=\"https:\/\/grundschule-am-gut.hamburg.de\/wp-content\/uploads\/sites\/232\/2026\/02\/QR-Code-Shop.jpg\" alt=\"\" width=\"164\" height=\"166\" srcset=\"https:\/\/grundschule-am-gut.hamburg.de\/wp-content\/uploads\/sites\/232\/2026\/02\/QR-Code-Shop.jpg 299w, https:\/\/grundschule-am-gut.hamburg.de\/wp-content\/uploads\/sites\/232\/2026\/02\/QR-Code-Shop-297x300.jpg 297w, https:\/\/grundschule-am-gut.hamburg.de\/wp-content\/uploads\/sites\/232\/2026\/02\/QR-Code-Shop-80x80.jpg 80w\" sizes=\"auto, (max-width: 164px) 100vw, 164px\" \/>Sie k\u00f6nnen die Schulkleidung direkt bei Brosch Textil \u00fcber den folgenden Link oder QR-Code bestellen: <a href=\"https:\/\/amgut.broschtextil.de\/\" target=\"_blank\" rel=\"noopener\">Am Gut Shop<\/a><\/p>\n<p>&nbsp;<\/p>\n<p>&nbsp;<\/p>\n<p>&nbsp;<\/p>\n<p><span style=\"font-size: 10pt\">BROSCH TEXTIL<\/span><br \/>\n<span style=\"font-size: 10pt\">Eine Dienstleistung der Brosch Textil e.K.<\/span><br \/>\n<span style=\"font-size: 10pt\">Harksheider Stra\u00dfe 7<\/span><br \/>\n<span style=\"font-size: 10pt\">22399 Hamburg<\/span><br \/>\n<span style=\"font-size: 10pt\">Telefon: (040) 63 68 48 56<\/span><br \/>\n<span style=\"font-size: 10pt\">E-Mail: kontakt@broschtextil.de<\/span><\/p>\n<p><span style=\"font-size: 10pt\">\u00d6ffnungszeiten:<\/span><br \/>\n<span style=\"font-size: 10pt\">Montag: Produktionstag &#8211; Abholer<\/span><br \/>\n<span style=\"font-size: 10pt\">Dienstag: 10.00 &#8211; 18.00 Uhr<\/span><br \/>\n<span style=\"font-size: 10pt\">Mittwoch: Produktionstag &#8211; Abholer<\/span><br \/>\n<span style=\"font-size: 10pt\">Donnerstag: 10.00 &#8211; 18.00 Uhr<\/span><br \/>\n<span style=\"font-size: 10pt\">Freitag: 10.00 &#8211; 13.00 Uhr &#8211; Termine willkommen<\/span><\/p>\n","protected":false},"excerpt":{"rendered":"<p>Diese Seite ist ein externes Angebot des Schulvereins; die Verantwortlichkeit f\u00fcr den Inhalt liegt beim Schulverein. Unser Schulverein setzt sich ganz allgemein f\u00fcr die F\u00f6rderung aller Sch\u00fclerinnen und Sch\u00fcler unserer Schule ein. Konkret bedeutet&#46;&#46;&#46;<\/p>\n","protected":false},"author":430,"featured_media":0,"parent":0,"menu_order":0,"comment_status":"closed","ping_status":"closed","template":"","meta":{"_acf_changed":false,"footnotes":""},"class_list":["post-37","page","type-page","status-publish","hentry"],"acf":[],"_links":{"self":[{"href":"https:\/\/grundschule-am-gut.hamburg.de\/index.php?rest_route=\/wp\/v2\/pages\/37","targetHints":{"allow":["GET"]}}],"collection":[{"href":"https:\/\/grundschule-am-gut.hamburg.de\/index.php?rest_route=\/wp\/v2\/pages"}],"about":[{"href":"https:\/\/grundschule-am-gut.hamburg.de\/index.php?rest_route=\/wp\/v2\/types\/page"}],"author":[{"embeddable":true,"href":"https:\/\/grundschule-am-gut.hamburg.de\/index.php?rest_route=\/wp\/v2\/users\/430"}],"replies":[{"embeddable":true,"href":"https:\/\/grundschule-am-gut.hamburg.de\/index.php?rest_route=%2Fwp%2Fv2%2Fcomments&post=37"}],"version-history":[{"count":28,"href":"https:\/\/grundschule-am-gut.hamburg.de\/index.php?rest_route=\/wp\/v2\/pages\/37\/revisions"}],"predecessor-version":[{"id":3384,"href":"https:\/\/grundschule-am-gut.hamburg.de\/index.php?rest_route=\/wp\/v2\/pages\/37\/revisions\/3384"}],"wp:attachment":[{"href":"https:\/\/grundschule-am-gut.hamburg.de\/index.php?rest_route=%2Fwp%2Fv2%2Fmedia&parent=37"}],"curies":[{"name":"wp","href":"https:\/\/api.w.org\/{rel}","templated":true}]}}