{"id":35,"date":"2015-11-25T15:59:31","date_gmt":"2015-11-25T14:59:31","guid":{"rendered":"http:\/\/grundschule-karlshoehe-mit-zweigstellen.schulhomepages.hamburg.de\/?page_id=35"},"modified":"2026-02-03T12:57:01","modified_gmt":"2026-02-03T11:57:01","slug":"eltern","status":"publish","type":"page","link":"https:\/\/grundschule-am-gut.hamburg.de\/?page_id=35","title":{"rendered":"Eltern"},"content":{"rendered":"<p>Zu einer guten Schule geh\u00f6ren nicht nur engagierte Lehrer und motivierte Sch\u00fcler, sondern auch aktive Eltern! Sie als Eltern k\u00f6nnen an der Gestaltung des Schullebens aktiv mitwirken, z.B. im Elternrat:<\/p>\n<p><strong>Aufgaben des Elternrats<\/strong><br \/>\nDer Elternrat organisiert nicht nur Aktivit\u00e4ten wie Flohm\u00e4rkte oder Fahrrad-Reparaturtage, sondern hilft auch bei schulischen Problemen weiter. Zudem wird bei den monatlichen Sitzungen, an denen auch die Schulleitung teilnimmt, \u00fcber aktuelle Entwicklungen diskutiert und zu Fragen des Schullebens Stellung genommen.<\/p>\n<p>Der Elternrat versteht sich als Vertretung der gemeinsamen Interessen aller Eltern der Schule und informiert Eltern und Elternvertreter \u00fcber aktuelle Schulthemen. Dar\u00fcber hinaus w\u00e4hlt der Elternrat die Mitglieder f\u00fcr den Kreiselternrat und die Schulkonferenz. In die Schulkonferenz, dem obersten Beratungs- und Beschlussgremium der Schule, entsendet er gleich viele Mitglieder wie die Lehrerkonferenz. Hier werden die f\u00fcr unsere Schule grunds\u00e4tzlich wichtigen Angelegenheiten beraten und beschlossen. Dazu geh\u00f6ren u. a. das Schulprogramm und die Hausordnung sowie die Zielleistungsvereinbarungen.<\/p>\n<p><strong>So werden Sie Elternratsmitglied<\/strong><br \/>\nAlle Eltern &#8211; nicht nur Klassenelternvertreter &#8211; k\u00f6nnen Mitglied des Elternrates werden. An unserer Schule besteht der Elternrat aus neun Mitgliedern sowie aus drei weiteren Vertreterinnen und Vertretern. Die Mitglieder des Elternrats werden von den Klassenelternvertretern f\u00fcr drei Jahre gew\u00e4hlt.<\/p>\n<p><strong>Elternratsmitglieder<\/strong><\/p>\n<p style=\"font-weight: 400\"><em><strong>Vorstand<\/strong><\/em><br \/>\nJanina K\u00f6lske<br \/>\nInes Meinke<br \/>\nKristina Petsch<\/p>\n<p style=\"font-weight: 400\">Tina Dreier<br \/>\nJennifer Franz<br \/>\nAnja Kappen<br \/>\nJaane Kr\u00f6sser<br \/>\nSophia Weiss<br \/>\nVarsenik Vardanyan<\/p>\n<p><em><strong>Ersatzmitglieder<\/strong><\/em><br \/>\nKai Bertrams<br \/>\nChrstin Czieslik<br \/>\nJohanna Diebl<br \/>\nConny Duen<br \/>\nSandra F\u00fclster<br \/>\nNina Hirsch<br \/>\nCorinna Plischeswki<br \/>\nFelix Schulz<br \/>\nSina Wagner<br \/>\nClaudia Wende<\/p>\n<p>Sie erreichen den Elternrat \u00fcber unser Schulsekretariat,\u00a0Tel. 428 93 21 30 oder per E-Mail: <strong><a href=\"mailto:elternrat-gut@gmx.de\">elternrat-gut@gmx.de<\/a><\/strong><\/p>\n<p><strong>Termine der n\u00e4chsten Elternratssitzungen:<\/strong><\/p>\n<ul>\n<li>Do, 05.02., HK 19 Uhr<\/li>\n<li>Di, 17.03. TMS 19:30 Uhr<\/li>\n<li>Mi, 06.05., HK 19:00 Uhr<\/li>\n<li>Di, 23.6., TMS 19:30 Uhr<\/li>\n<\/ul>\n<p>&nbsp;<\/p>\n<p>&nbsp;<\/p>\n","protected":false},"excerpt":{"rendered":"<p>Zu einer guten Schule geh\u00f6ren nicht nur engagierte Lehrer und motivierte Sch\u00fcler, sondern auch aktive Eltern! Sie als Eltern k\u00f6nnen an der Gestaltung des Schullebens aktiv mitwirken, z.B. im Elternrat: Aufgaben des Elternrats Der&#46;&#46;&#46;<\/p>\n","protected":false},"author":430,"featured_media":0,"parent":0,"menu_order":0,"comment_status":"closed","ping_status":"closed","template":"","meta":{"_acf_changed":false,"footnotes":""},"class_list":["post-35","page","type-page","status-publish","hentry"],"acf":[],"_links":{"self":[{"href":"https:\/\/grundschule-am-gut.hamburg.de\/index.php?rest_route=\/wp\/v2\/pages\/35","targetHints":{"allow":["GET"]}}],"collection":[{"href":"https:\/\/grundschule-am-gut.hamburg.de\/index.php?rest_route=\/wp\/v2\/pages"}],"about":[{"href":"https:\/\/grundschule-am-gut.hamburg.de\/index.php?rest_route=\/wp\/v2\/types\/page"}],"author":[{"embeddable":true,"href":"https:\/\/grundschule-am-gut.hamburg.de\/index.php?rest_route=\/wp\/v2\/users\/430"}],"replies":[{"embeddable":true,"href":"https:\/\/grundschule-am-gut.hamburg.de\/index.php?rest_route=%2Fwp%2Fv2%2Fcomments&post=35"}],"version-history":[{"count":19,"href":"https:\/\/grundschule-am-gut.hamburg.de\/index.php?rest_route=\/wp\/v2\/pages\/35\/revisions"}],"predecessor-version":[{"id":3319,"href":"https:\/\/grundschule-am-gut.hamburg.de\/index.php?rest_route=\/wp\/v2\/pages\/35\/revisions\/3319"}],"wp:attachment":[{"href":"https:\/\/grundschule-am-gut.hamburg.de\/index.php?rest_route=%2Fwp%2Fv2%2Fmedia&parent=35"}],"curies":[{"name":"wp","href":"https:\/\/api.w.org\/{rel}","templated":true}]}}