{"id":31,"date":"2015-11-25T14:53:27","date_gmt":"2015-11-25T13:53:27","guid":{"rendered":"http:\/\/grundschule-karlshoehe-mit-zweigstellen.schulhomepages.hamburg.de\/?page_id=31"},"modified":"2024-01-17T10:35:32","modified_gmt":"2024-01-17T09:35:32","slug":"hausaufgabenkonzept","status":"publish","type":"page","link":"https:\/\/grundschule-am-gut.hamburg.de\/?page_id=31","title":{"rendered":"Hausaufgabenkonzept"},"content":{"rendered":"<h5>Unser einheitliches Hausaufgabenkonzept f\u00fcr alle Kinder der Grundschule am Gut<\/h5>\n<div class=\"page\" title=\"Page 1\">\n<div class=\"layoutArea\">\n<div class=\"column\">\n<p>Ausgehend von den Leitlinien der Grundschule am Gut ist es unser Ziel den Sch\u00fclerinnen und Sch\u00fclern folgende Kompetenzen zu vermitteln:<br \/>\n&#8211; SELBSTBEWUSST SEIN<br \/>\n&#8211; VERANTWORTLICH SEIN<br \/>\n&#8211; RESPEKTVOLL SEIN<br \/>\n&#8211; SELBSTST\u00c4NDIG UND TEAMF\u00c4HIG SEIN<br \/>\nDies erfordert einen besonderen Blick auch auf die Hausaufgaben:<\/p>\n<p>Sprechen wir \u00fcber Hausaufgaben, k\u00f6nnten Erwartungen und Anspr\u00fcche an diese und deren Erledigung kaum unterschiedlicher sein. Eine Vielzahl von Fragen stellt sich Eltern, Lehrer*innen, GBS-P\u00e4dagog*innen und nicht zuletzt den Kindern: Wozu sollen Hausaufgaben dienen? D\u00fcrfen Eltern ihren Kindern bei der Bew\u00e4ltigung helfen? Wie kann eine erfolgreiche Hausaufgabenbetreuung am GBS-Nachmittag aussehen?<\/p>\n<p>Ein Jahr lang hat sich eine Projektgruppe bestehend aus Eltern, P\u00e4dagog*innen der Nachmittagsbetreuung und Lehrer*innen diesen Fragen und anderen wichtigen Aspekten rund um das Thema gewidmet. Mit Hilfe von Frageb\u00f6gen f\u00fcr alle an den Hausaufgaben Beteiligten, haben wir zun\u00e4chst die Ausgangslage evaluiert. Es bestand Einigkeit dar\u00fcber, dass Hausaufgaben generell als sinnvoll erachtet werden und das Ziel war nun, eine Form von Hausaufgaben zu entwickeln, die die Unterschiede von Sch\u00fcler*innen ber\u00fccksichtigt, die Selbstverantwortung von Kindern und Eltern betont und deren Lebenslagen im Blick beh\u00e4lt.<\/p>\n<p>Unter Ber\u00fccksichtigung der verschiedenen Perspektiven haben wir ein einheitliches Hausaufgabenkonzept f\u00fcr alle Kinder der Grundschule am Gut erarbeitet. Es sieht auf Seiten der Lehrer*innen einen st\u00e4rkeren Einsatz von Wochenhausaufgaben vor, die von den Sch\u00fcler*innen weitgehend eigenst\u00e4ndig erledigt werden k\u00f6nnen. Weiterhin wurde sich auf Aufgaben- und Verantwortungsbereiche von Eltern und Hausaufgaben-Betreuer*innen verst\u00e4ndigt, damit alle Beteiligten klar vor Augen haben, wie eine erfolgreiche Erledigung der Hausaufgaben durch die Sch\u00fcler*innen erfolgen kann.<\/p>\n<p>&nbsp;<\/p>\n<\/div>\n<\/div>\n<\/div>\n","protected":false},"excerpt":{"rendered":"<p>Unser einheitliches Hausaufgabenkonzept f\u00fcr alle Kinder der Grundschule am Gut Ausgehend von den Leitlinien der Grundschule am Gut ist es unser Ziel den Sch\u00fclerinnen und Sch\u00fclern folgende Kompetenzen zu vermitteln: &#8211; SELBSTBEWUSST SEIN &#8211;&#46;&#46;&#46;<\/p>\n","protected":false},"author":430,"featured_media":0,"parent":0,"menu_order":0,"comment_status":"closed","ping_status":"closed","template":"","meta":{"_acf_changed":false,"footnotes":""},"class_list":["post-31","page","type-page","status-publish","hentry"],"acf":[],"_links":{"self":[{"href":"https:\/\/grundschule-am-gut.hamburg.de\/index.php?rest_route=\/wp\/v2\/pages\/31","targetHints":{"allow":["GET"]}}],"collection":[{"href":"https:\/\/grundschule-am-gut.hamburg.de\/index.php?rest_route=\/wp\/v2\/pages"}],"about":[{"href":"https:\/\/grundschule-am-gut.hamburg.de\/index.php?rest_route=\/wp\/v2\/types\/page"}],"author":[{"embeddable":true,"href":"https:\/\/grundschule-am-gut.hamburg.de\/index.php?rest_route=\/wp\/v2\/users\/430"}],"replies":[{"embeddable":true,"href":"https:\/\/grundschule-am-gut.hamburg.de\/index.php?rest_route=%2Fwp%2Fv2%2Fcomments&post=31"}],"version-history":[{"count":5,"href":"https:\/\/grundschule-am-gut.hamburg.de\/index.php?rest_route=\/wp\/v2\/pages\/31\/revisions"}],"predecessor-version":[{"id":2501,"href":"https:\/\/grundschule-am-gut.hamburg.de\/index.php?rest_route=\/wp\/v2\/pages\/31\/revisions\/2501"}],"wp:attachment":[{"href":"https:\/\/grundschule-am-gut.hamburg.de\/index.php?rest_route=%2Fwp%2Fv2%2Fmedia&parent=31"}],"curies":[{"name":"wp","href":"https:\/\/api.w.org\/{rel}","templated":true}]}}