{"id":3,"date":"2015-11-10T11:37:43","date_gmt":"2015-11-10T10:37:43","guid":{"rendered":"http:\/\/grundschule-karlshoehe-mit-zweigstellen.schulhomepages.hamburg.de\/?page_id=3"},"modified":"2026-02-27T09:57:35","modified_gmt":"2026-02-27T08:57:35","slug":"unsere-schule","status":"publish","type":"page","link":"https:\/\/grundschule-am-gut.hamburg.de\/","title":{"rendered":""},"content":{"rendered":"<div id=\"attachment_1352\" style=\"width: 482px\" class=\"wp-caption alignright\"><img loading=\"lazy\" decoding=\"async\" aria-describedby=\"caption-attachment-1352\" class=\"wp-image-1352\" src=\"https:\/\/grundschule-am-gut.hamburg.de\/wp-content\/uploads\/sites\/232\/2020\/12\/Poster-normal-verschieden-771x1024.jpg\" alt=\"\" width=\"472\" height=\"627\" srcset=\"https:\/\/grundschule-am-gut.hamburg.de\/wp-content\/uploads\/sites\/232\/2020\/12\/Poster-normal-verschieden-771x1024.jpg 771w, https:\/\/grundschule-am-gut.hamburg.de\/wp-content\/uploads\/sites\/232\/2020\/12\/Poster-normal-verschieden-226x300.jpg 226w, https:\/\/grundschule-am-gut.hamburg.de\/wp-content\/uploads\/sites\/232\/2020\/12\/Poster-normal-verschieden-768x1021.jpg 768w, https:\/\/grundschule-am-gut.hamburg.de\/wp-content\/uploads\/sites\/232\/2020\/12\/Poster-normal-verschieden-1156x1536.jpg 1156w, https:\/\/grundschule-am-gut.hamburg.de\/wp-content\/uploads\/sites\/232\/2020\/12\/Poster-normal-verschieden.jpg 1541w\" sizes=\"auto, (max-width: 472px) 100vw, 472px\" \/><p id=\"caption-attachment-1352\" class=\"wp-caption-text\">\u00bb \u00dcber diesen Link k\u00f6nnen Sie sich den Film anschauen: <span style=\"text-decoration: underline\"><a href=\"http:\/\/e.pc.cd\/YzHy6alK\" target=\"_blank\" rel=\"noopener\">http:\/\/e.pc.cd\/YzHy6alK<\/a> <\/span>(Zugang erhalten Sie mit: Molli2024)<\/p><\/div>\n<h4 style=\"text-align: center\">Herzlich willkommen auf der Homepage<br \/>\nder Grundschule am Gut<\/h4>\n<p style=\"text-align: left\">Liebe Sch\u00fclerinnen und Sch\u00fcler, liebe Eltern, liebe Besucherinnen und Besucher,<\/p>\n<p style=\"text-align: left\">wir freuen uns sehr, dass Sie Interesse daran haben, mehr \u00fcber unsere Schule zu erfahren! Hier m\u00f6chten wir Ihnen einen Einblick in das bunte und lebendige Schulleben an unserer Grundschule geben.<\/p>\n<p style=\"text-align: left\">Unsere Schule ist ein Ort, an dem Kinder mit Freude lernen, entdecken und wachsen. Wir m\u00f6chten jedem Kind die M\u00f6glichkeit geben, sein Potenzial zu entfalten und seine Talente zu entdecken. Hier erleben sie Teamgeist, Neugier und das Miteinander in einer respektvollen und wertsch\u00e4tzenden Umgebung.<\/p>\n<p style=\"text-align: left\">Mit einem motivierten Team aus Lehrerinnen und Lehrern, p\u00e4dagogischen Fachkr\u00e4ften und engagierten Eltern setzen wir uns t\u00e4glich daf\u00fcr ein, dass jedes Kind individuell gef\u00f6rdert und bestm\u00f6glich auf seinem Bildungsweg begleitet wird.<br \/>\nDiese drei Schwerpunkte zeichnen unsere Schule aus:<br \/>\n&#8211; Wir sind zertifizierte Umweltschule<br \/>\n&#8211; Wir sind stark im Bereich der Lesekompetenz<br \/>\n&#8211; Wir sind Bewegte Schule<\/p>\n<p style=\"text-align: left\">Wir laden Sie herzlich ein, unsere Schulgemeinschaft n\u00e4her kennenzulernen. Haben Sie Fragen oder Anregungen? Z\u00f6gern Sie nicht, uns zu kontaktieren \u2013 wir sind gerne f\u00fcr Sie da!<\/p>\n<p style=\"text-align: left\">Mit herzlichen Gr\u00fc\u00dfen<br \/>\nIhr Team der Schule Grundschule am Gut<\/p>\n<p style=\"text-align: right\"><em>Illustration: S. Huget<\/em><\/p>\n<p style=\"text-align: center\">\n","protected":false},"excerpt":{"rendered":"<p>Herzlich willkommen auf der Homepage der Grundschule am Gut Liebe Sch\u00fclerinnen und Sch\u00fcler, liebe Eltern, liebe Besucherinnen und Besucher, wir freuen uns sehr, dass Sie Interesse daran haben, mehr \u00fcber unsere Schule zu erfahren!&#46;&#46;&#46;<\/p>\n","protected":false},"author":430,"featured_media":0,"parent":0,"menu_order":0,"comment_status":"closed","ping_status":"closed","template":"","meta":{"_acf_changed":false,"footnotes":""},"class_list":["post-3","page","type-page","status-publish","hentry"],"acf":[],"_links":{"self":[{"href":"https:\/\/grundschule-am-gut.hamburg.de\/index.php?rest_route=\/wp\/v2\/pages\/3","targetHints":{"allow":["GET"]}}],"collection":[{"href":"https:\/\/grundschule-am-gut.hamburg.de\/index.php?rest_route=\/wp\/v2\/pages"}],"about":[{"href":"https:\/\/grundschule-am-gut.hamburg.de\/index.php?rest_route=\/wp\/v2\/types\/page"}],"author":[{"embeddable":true,"href":"https:\/\/grundschule-am-gut.hamburg.de\/index.php?rest_route=\/wp\/v2\/users\/430"}],"replies":[{"embeddable":true,"href":"https:\/\/grundschule-am-gut.hamburg.de\/index.php?rest_route=%2Fwp%2Fv2%2Fcomments&post=3"}],"version-history":[{"count":318,"href":"https:\/\/grundschule-am-gut.hamburg.de\/index.php?rest_route=\/wp\/v2\/pages\/3\/revisions"}],"predecessor-version":[{"id":3394,"href":"https:\/\/grundschule-am-gut.hamburg.de\/index.php?rest_route=\/wp\/v2\/pages\/3\/revisions\/3394"}],"wp:attachment":[{"href":"https:\/\/grundschule-am-gut.hamburg.de\/index.php?rest_route=%2Fwp%2Fv2%2Fmedia&parent=3"}],"curies":[{"name":"wp","href":"https:\/\/api.w.org\/{rel}","templated":true}]}}