{"id":2975,"date":"2025-05-04T18:44:47","date_gmt":"2025-05-04T16:44:47","guid":{"rendered":"https:\/\/grundschule-am-gut.hamburg.de\/?page_id=2975"},"modified":"2025-06-08T15:57:24","modified_gmt":"2025-06-08T13:57:24","slug":"gbs-am-hohnerkamp","status":"publish","type":"page","link":"https:\/\/grundschule-am-gut.hamburg.de\/?page_id=2975","title":{"rendered":"GBS am Hohnerkamp"},"content":{"rendered":"<h4 style=\"text-align: left\"><strong>Nachmittagsbetreuung <\/strong>am Standort Hohnerkamp:<br \/>\n\u201eElbkinderVereinigung Hamburger Kitas GmbH\u201c<\/h4>\n<p>An jedem unserer zwei\u00a0Standorte bieten wir zwischen 13 Uhr bis 16 Uhr ein kostenloses Bildungs- und Betreuungsangebot an. Nach dem <a href=\"https:\/\/grundschule-am-gut.hamburg.de\/?page_id=51\">Mittagessen<\/a> haben die Kinder die M\u00f6glichkeit, in einer betreuten Gruppe ihre Hausaufgaben zu machen. Zeitgleich finden auch F\u00f6rderkurse statt f\u00fcr Kinder, die in ihrer Lernentwicklung Unterst\u00fctzung brauchen. Das <a href=\"https:\/\/grundschule-am-gut.hamburg.de\/?page_id=2982\">Nachmittagsangebot<\/a> beginnt zumeist um 15 Uhr.<\/p>\n<p>&nbsp;<\/p>\n<p style=\"padding-left: 40px\"><strong>Kontakt GBS \/ Nachmittagsbetreuung am Standort Hohnerkamp<br \/>\n<\/strong>Frau S. Friedrich<br \/>\nLeitungsvertretung GBS Grundschule am Gut\/Hohnerkamp<br \/>\nElbkinder Vereinigung Hamburger Kitas gGmbH<strong><br \/>\n<\/strong>B\u00fcro: 040 \/ 639 74 057<br \/>\nMail: <a href=\"mailto:gbs-strenge@elbkinder-kitas.de\">gbs-strenge@elbkinder-kitas.de<\/a><\/p>\n<p>&nbsp;<\/p>\n","protected":false},"excerpt":{"rendered":"<p>Nachmittagsbetreuung am Standort Hohnerkamp: \u201eElbkinderVereinigung Hamburger Kitas GmbH\u201c An jedem unserer zwei\u00a0Standorte bieten wir zwischen 13 Uhr bis 16 Uhr ein kostenloses Bildungs- und Betreuungsangebot an. Nach dem Mittagessen haben die Kinder die M\u00f6glichkeit,&#46;&#46;&#46;<\/p>\n","protected":false},"author":728,"featured_media":0,"parent":0,"menu_order":0,"comment_status":"closed","ping_status":"closed","template":"","meta":{"_acf_changed":false,"footnotes":""},"class_list":["post-2975","page","type-page","status-publish","hentry"],"acf":[],"_links":{"self":[{"href":"https:\/\/grundschule-am-gut.hamburg.de\/index.php?rest_route=\/wp\/v2\/pages\/2975","targetHints":{"allow":["GET"]}}],"collection":[{"href":"https:\/\/grundschule-am-gut.hamburg.de\/index.php?rest_route=\/wp\/v2\/pages"}],"about":[{"href":"https:\/\/grundschule-am-gut.hamburg.de\/index.php?rest_route=\/wp\/v2\/types\/page"}],"author":[{"embeddable":true,"href":"https:\/\/grundschule-am-gut.hamburg.de\/index.php?rest_route=\/wp\/v2\/users\/728"}],"replies":[{"embeddable":true,"href":"https:\/\/grundschule-am-gut.hamburg.de\/index.php?rest_route=%2Fwp%2Fv2%2Fcomments&post=2975"}],"version-history":[{"count":7,"href":"https:\/\/grundschule-am-gut.hamburg.de\/index.php?rest_route=\/wp\/v2\/pages\/2975\/revisions"}],"predecessor-version":[{"id":3010,"href":"https:\/\/grundschule-am-gut.hamburg.de\/index.php?rest_route=\/wp\/v2\/pages\/2975\/revisions\/3010"}],"wp:attachment":[{"href":"https:\/\/grundschule-am-gut.hamburg.de\/index.php?rest_route=%2Fwp%2Fv2%2Fmedia&parent=2975"}],"curies":[{"name":"wp","href":"https:\/\/api.w.org\/{rel}","templated":true}]}}