{"id":2664,"date":"2024-05-07T10:29:38","date_gmt":"2024-05-07T08:29:38","guid":{"rendered":"https:\/\/grundschule-am-gut.hamburg.de\/?page_id=2664"},"modified":"2025-10-06T07:55:33","modified_gmt":"2025-10-06T05:55:33","slug":"bewegte-schule","status":"publish","type":"page","link":"https:\/\/grundschule-am-gut.hamburg.de\/?page_id=2664","title":{"rendered":"Bewegte Schule"},"content":{"rendered":"<p style=\"font-weight: 400\"><strong>Eine bewegte Schule f\u00fcr bewegende Kinder<br \/>\n<\/strong>Im Sommer 2025 haben wir das Pr\u00e4dikat \u201eBewegte Schule\u201c verliehen bekommen \u2013 ein Zeichen f\u00fcr unser besonderes Engagement, Bewegung fest in den Schulalltag zu integrieren. Kinder lernen am besten, wenn sie mit Kopf, Herz und Hand aktiv sind. Deshalb geh\u00f6rt Bewegung bei uns selbstverst\u00e4ndlich dazu \u2013 im Unterricht, in den Pausen und beim Lernen au\u00dferhalb des Klassenzimmers.<\/p>\n<p style=\"font-weight: 400\"><strong>Warum bewegtes Lernen?<br \/>\n<\/strong>Kinder brauchen Bewegung, um sich gesund entwickeln zu k\u00f6nnen. Durch k\u00f6rperliche Aktivit\u00e4ten wird nicht nur die k\u00f6rperliche Fitness der Kinder gest\u00e4rkt, sondern ebenfalls die Konzentration und die kognitiven F\u00e4higkeiten. Lerninhalte werden im Gehirn mehrfach verkn\u00fcpft und dadurch nachhaltiger gespeichert: Kinder lernen besser, wenn sie Dinge selbst ausprobieren k\u00f6nnen und mit allen Sinnen erfahren. Und es macht (nicht nur) den Kindern viel Spa\u00df! Lernen mit allen Sinnen und durch Ausprobieren entspricht dem kindlichen Interesse.<\/p>\n<p style=\"font-weight: 400\"><strong>Lernen durch und mit Bewegung<br \/>\n<\/strong>Lernen ist viel mehr, als ein Arbeitsblatt zu bearbeiten und in Schulb\u00fccher zu schauen. Wir m\u00f6chten den Kindern die M\u00f6glichkeit geben, Inhalte in Bewegung und mit dem ganzen K\u00f6rper zu erfassen. Durch handelndes Lernen erschlie\u00dfen sich die Kinder Inhalte leichter. Im Unterricht wechseln sich aktive und entspannende Phasen ab und sorgen f\u00fcr mehr Ausgeglichenheit. Regelm\u00e4\u00dfige Bewegungspausen lockern den Schulalltag auf und bringen Abwechslung und neue Energie. Dann haben die Kinder auch die Ruhe und Konzentration, um schriftliche Arbeitsauftr\u00e4ge zu erledigen.<\/p>\n<p style=\"font-weight: 400\"><strong>Kooperation mit dem Gut Karlsh\u00f6he<br \/>\n<\/strong>Wir arbeiten eng mit dem nahegelegenen Gut Karlsh\u00f6he zusammen. Die Klassen unternehmen regelm\u00e4\u00dfige Ausfl\u00fcge dorthin und verbringen Zeit in der Natur. Sie versorgen die Schafe, halten den Stall in Ordnung und lernen aktiv \u00fcber naturnahe Themen, die der jeweiligen Jahreszeit entsprechen. Dar\u00fcber hinaus bewirtschaften sie den Schulacker. So erleben und gestalten die Sch\u00fclerinnen und Sch\u00fcler die Natur handelnd und begreifen jahreszeitliche Abl\u00e4ufe mit allen Sinnen. Bewegter Unterricht ist auf dem Gut Selbstverst\u00e4ndlichkeit &#8211; egal, ob beim F\u00fcttern der Schafe oder beim Arbeiten auf unserem Schulacker.<\/p>\n<p style=\"font-weight: 400\"><strong>St\u00e4ndige Weiterentwicklung<br \/>\n<\/strong>Wir entwickeln unseren Unterricht stetig weiter. Bewegter Unterricht ist ein fester Bestandteil unserer p\u00e4dagogischen Arbeit und wird regelm\u00e4\u00dfig auf unseren Kollegiums- und Fachkonferenzen behandelt. Wir bleiben gemeinsam mit unseren Sch\u00fclerinnen und Sch\u00fclern in Bewegung, um ihnen die bestm\u00f6glichen Lernbedingungen zu bieten.<\/p>\n<p>&nbsp;<\/p>\n","protected":false},"excerpt":{"rendered":"<p>Eine bewegte Schule f\u00fcr bewegende Kinder Im Sommer 2025 haben wir das Pr\u00e4dikat \u201eBewegte Schule\u201c verliehen bekommen \u2013 ein Zeichen f\u00fcr unser besonderes Engagement, Bewegung fest in den Schulalltag zu integrieren. Kinder lernen am&#46;&#46;&#46;<\/p>\n","protected":false},"author":728,"featured_media":0,"parent":0,"menu_order":0,"comment_status":"closed","ping_status":"closed","template":"","meta":{"_acf_changed":false,"footnotes":""},"class_list":["post-2664","page","type-page","status-publish","hentry"],"acf":[],"_links":{"self":[{"href":"https:\/\/grundschule-am-gut.hamburg.de\/index.php?rest_route=\/wp\/v2\/pages\/2664","targetHints":{"allow":["GET"]}}],"collection":[{"href":"https:\/\/grundschule-am-gut.hamburg.de\/index.php?rest_route=\/wp\/v2\/pages"}],"about":[{"href":"https:\/\/grundschule-am-gut.hamburg.de\/index.php?rest_route=\/wp\/v2\/types\/page"}],"author":[{"embeddable":true,"href":"https:\/\/grundschule-am-gut.hamburg.de\/index.php?rest_route=\/wp\/v2\/users\/728"}],"replies":[{"embeddable":true,"href":"https:\/\/grundschule-am-gut.hamburg.de\/index.php?rest_route=%2Fwp%2Fv2%2Fcomments&post=2664"}],"version-history":[{"count":4,"href":"https:\/\/grundschule-am-gut.hamburg.de\/index.php?rest_route=\/wp\/v2\/pages\/2664\/revisions"}],"predecessor-version":[{"id":3219,"href":"https:\/\/grundschule-am-gut.hamburg.de\/index.php?rest_route=\/wp\/v2\/pages\/2664\/revisions\/3219"}],"wp:attachment":[{"href":"https:\/\/grundschule-am-gut.hamburg.de\/index.php?rest_route=%2Fwp%2Fv2%2Fmedia&parent=2664"}],"curies":[{"name":"wp","href":"https:\/\/api.w.org\/{rel}","templated":true}]}}