{"id":2105,"date":"2022-10-27T18:04:31","date_gmt":"2022-10-27T16:04:31","guid":{"rendered":"https:\/\/grundschule-am-gut.hamburg.de\/?page_id=2105"},"modified":"2026-01-06T14:48:04","modified_gmt":"2026-01-06T13:48:04","slug":"fordern-und-foerdern","status":"publish","type":"page","link":"https:\/\/grundschule-am-gut.hamburg.de\/?page_id=2105","title":{"rendered":"Fordern und F\u00f6rdern"},"content":{"rendered":"<h4 style=\"font-weight: 400\">Begabtenf\u00f6rderung an der Grundschule am Gut<\/h4>\n<p style=\"font-weight: 400\">Die Grundschule am Gut bietet f\u00fcr besonders interessierte und begabte Kinder am Nachmittag Forderkurse im sprachlichen, mathematischen, naturwissenschaftlichen und musischen Bereich an.<\/p>\n<p style=\"font-weight: 400\"><u>Aktuelle Kurse im Schuljahr 2025\/26<\/u>:<\/p>\n<ul>\n<li>Mathematik Knobelkurs<br \/>\nDieser Kurs richtet sich an Kinder des 3. Jahrgangs, die gro\u00dfes Interesse am Mathematikunterricht zeigen. Im Mittelpunkt steht das L\u00f6sen von mathematischen Knobel- und Denksportaufgaben. Es werden Gesetze der Mathematik erforscht und eigene Rechenwege entdeckt, \u00fcber die sich die Kinder kontinuierlich austauschen. Der Kurs findet w\u00f6chentlich statt.<\/li>\n<\/ul>\n<ul>\n<li>Forderkurs Deutsch \u2013 Kreatives Schreiben<br \/>\nF\u00fcr schreibbegabte Kinder des 4. Jahrgangs bieten wir einen w\u00f6chentlichen Kurs im Bereich \u201eKreatives Schreiben\u201c an.<br \/>\nAnhand einer gro\u00dfen Auswahl an Schreibanl\u00e4ssen planen und verfassen die Kinder kreative Geschichten, die sie im Anschluss \u00fcberarbeiten. Sie lernen \u201eWerkzeuge\u201c zum \u00dcberarbeiten kennen und f\u00fchren gemeinsam Schreibkonferenzen durch, um ihre Texte f\u00fcr die anschlie\u00dfenden digitalen Pr\u00e4sentationen\/Ver\u00f6ffentlichungen vorzubereiten.<br \/>\nIn gemeinsamen, fantasievollen Spielen lernen die Kinder, neue Perspektiven zu gewinnen und einzunehmen.<\/li>\n<\/ul>\n<ul>\n<li>Querfl\u00f6tenunterricht Pfiffikus<br \/>\nIn Kooperation mit der Jugendmusikschule bieten wir 1x w\u00f6chentlich einen Anf\u00e4ngerkurs f\u00fcr den Jahrgang 2 und einen Fortgeschrittenenkurs f\u00fcr den Jahrgang 3 an.<\/li>\n<\/ul>\n<ul>\n<li>Umweltgruppe (Naturwissenschaften)<br \/>\nN\u00e4here Informationen finden Sie <a href=\"https:\/\/grundschule-am-gut.hamburg.de\/?page_id=2055\" target=\"_blank\" rel=\"noopener\">hier<\/a><\/li>\n<\/ul>\n<p>&nbsp;<\/p>\n<p style=\"font-weight: 400\"><u>J\u00e4hrlicher Wettbewerbe<\/u><\/p>\n<ul>\n<li>im Fach Mathematik<br \/>\n&#8211; Matheolympiade, n\u00e4here Informationen finden Sie <a href=\"https:\/\/bildungsserver.hamburg.de\/00-np-mo\/3873084\/01-mo-was-ist-das\/\" target=\"_blank\" rel=\"noopener\">hier<\/a><br \/>\n&#8211; Teilnahme am j\u00e4hrlichen K\u00e4nguru-Wettbewerb (<a href=\"https:\/\/www.mathe-kaenguru.de\/\" target=\"_blank\" rel=\"noopener\">https:\/\/www.mathe-kaenguru.de\/<\/a>)<\/li>\n<\/ul>\n<ul>\n<li>Naturwissenschaften<br \/>\nNatex, n\u00e4here Informationen finden Sie <a href=\"https:\/\/natex-hamburg.de\/blog\/der-wettbewerb\/\" target=\"_blank\" rel=\"noopener\">hier<\/a><\/li>\n<\/ul>\n<p style=\"font-weight: 400\">Sowie viele weitere Enrichment-Angebote.<\/p>\n<p><em>Text: K. W\u00f6rner<\/em><\/p>\n<p>&nbsp;<\/p>\n<h4>F\u00f6rderung<\/h4>\n<p>Das F\u00f6rderteam der Grundschule am Gut, bestehend aus der F\u00f6rderkoordinatorin, der Sprachlernkoordinatorin und der Sonderp\u00e4dagogin, koordiniert und plant die F\u00f6rderung.<\/p>\n<p>In ganz Hamburg werden an Schulen standardisierte Tests im Lesen, Schreiben und Mathematik genutzt, um zu sehen, wie sich die Leistungen der Kinder entwickeln. Mit den Ergebnissen und unseren Beobachtungen werden dann die F\u00f6rdergruppen geplant.<\/p>\n<p>Es gibt Sprachf\u00f6rderung w\u00e4hrend und nach dem Unterricht, Lern- und sonderp\u00e4dagogische F\u00f6rderung.<\/p>\n<p>Auch die Zusammenarbeit mit den Lesementoren kann als ein Baustein der F\u00f6rderung verstanden werden.<\/p>\n<p>Alle F\u00f6rderma\u00dfnahmen finden in Absprache mit den Klassen- und FachlehrerInnen und mit den Eltern statt.<\/p>\n<p><em>Text: M. R\u00f6bke<\/em><\/p>\n<p style=\"font-weight: 400\">\n","protected":false},"excerpt":{"rendered":"<p>Begabtenf\u00f6rderung an der Grundschule am Gut Die Grundschule am Gut bietet f\u00fcr besonders interessierte und begabte Kinder am Nachmittag Forderkurse im sprachlichen, mathematischen, naturwissenschaftlichen und musischen Bereich an. Aktuelle Kurse im Schuljahr 2025\/26: Mathematik&#46;&#46;&#46;<\/p>\n","protected":false},"author":728,"featured_media":0,"parent":0,"menu_order":0,"comment_status":"closed","ping_status":"closed","template":"","meta":{"_acf_changed":false,"footnotes":""},"class_list":["post-2105","page","type-page","status-publish","hentry"],"acf":[],"_links":{"self":[{"href":"https:\/\/grundschule-am-gut.hamburg.de\/index.php?rest_route=\/wp\/v2\/pages\/2105","targetHints":{"allow":["GET"]}}],"collection":[{"href":"https:\/\/grundschule-am-gut.hamburg.de\/index.php?rest_route=\/wp\/v2\/pages"}],"about":[{"href":"https:\/\/grundschule-am-gut.hamburg.de\/index.php?rest_route=\/wp\/v2\/types\/page"}],"author":[{"embeddable":true,"href":"https:\/\/grundschule-am-gut.hamburg.de\/index.php?rest_route=\/wp\/v2\/users\/728"}],"replies":[{"embeddable":true,"href":"https:\/\/grundschule-am-gut.hamburg.de\/index.php?rest_route=%2Fwp%2Fv2%2Fcomments&post=2105"}],"version-history":[{"count":10,"href":"https:\/\/grundschule-am-gut.hamburg.de\/index.php?rest_route=\/wp\/v2\/pages\/2105\/revisions"}],"predecessor-version":[{"id":3315,"href":"https:\/\/grundschule-am-gut.hamburg.de\/index.php?rest_route=\/wp\/v2\/pages\/2105\/revisions\/3315"}],"wp:attachment":[{"href":"https:\/\/grundschule-am-gut.hamburg.de\/index.php?rest_route=%2Fwp%2Fv2%2Fmedia&parent=2105"}],"curies":[{"name":"wp","href":"https:\/\/api.w.org\/{rel}","templated":true}]}}