{"id":2069,"date":"2022-10-04T10:27:58","date_gmt":"2022-10-04T08:27:58","guid":{"rendered":"https:\/\/grundschule-am-gut.hamburg.de\/?page_id=2069"},"modified":"2023-08-29T16:10:48","modified_gmt":"2023-08-29T14:10:48","slug":"grosse-umweltgruppe","status":"publish","type":"page","link":"https:\/\/grundschule-am-gut.hamburg.de\/?page_id=2069","title":{"rendered":"Gro\u00dfe Umweltgruppe"},"content":{"rendered":"<p style=\"font-weight: 400\"><img loading=\"lazy\" decoding=\"async\" class=\"alignleft size-medium wp-image-2070\" src=\"https:\/\/grundschule-am-gut.hamburg.de\/wp-content\/uploads\/sites\/232\/2022\/10\/waste-separation-g80b459c27_640-300x165.jpg\" alt=\"\" width=\"300\" height=\"165\" srcset=\"https:\/\/grundschule-am-gut.hamburg.de\/wp-content\/uploads\/sites\/232\/2022\/10\/waste-separation-g80b459c27_640-300x165.jpg 300w, https:\/\/grundschule-am-gut.hamburg.de\/wp-content\/uploads\/sites\/232\/2022\/10\/waste-separation-g80b459c27_640.jpg 640w\" sizes=\"auto, (max-width: 300px) 100vw, 300px\" \/>Mitglieder der gro\u00dfen Umweltgruppe sind ErzieherInnen, LehrerInnen, unser Hausmeister Herr Sonberg, die GBS-Leitung und die stellvertretende Schulleitung. Wir treffen uns regelm\u00e4\u00dfig, um gemeinsam zu \u00fcberlegen, welche Projekte wir in unserer Schule mit den Sch\u00fclerInnen, KollegInnen und Eltern durchf\u00fchren m\u00f6chten. So hat die Ferienbetreuung in den Sommerferien schon einige Umweltschutzkurse angeboten. F\u00fcr die gesamte Schule haben wir das Projekt \u201eM\u00fclltrennung und M\u00fcllvermeidung\u201c geplant und angesto\u00dfen. Mit regelm\u00e4\u00dfigen Schulungen, auch durch die Stadtreinigung Hamburg, die mit dem kunterbunten M\u00fcllmobil zu uns kommt, lernen wir alle, wie richtige M\u00fclltrennung gelingen kann. Im neuen Schuljahr m\u00f6chten wir uns mit dem Thema \u201enaturnahe Schulhofgestaltung\u201c besch\u00e4ftigen.<\/p>\n<p><em>Foto: pixabay<\/em><\/p>\n","protected":false},"excerpt":{"rendered":"<p>Mitglieder der gro\u00dfen Umweltgruppe sind ErzieherInnen, LehrerInnen, unser Hausmeister Herr Sonberg, die GBS-Leitung und die stellvertretende Schulleitung. Wir treffen uns regelm\u00e4\u00dfig, um gemeinsam zu \u00fcberlegen, welche Projekte wir in unserer Schule mit den Sch\u00fclerInnen,&#46;&#46;&#46;<\/p>\n","protected":false},"author":728,"featured_media":0,"parent":0,"menu_order":0,"comment_status":"closed","ping_status":"closed","template":"","meta":{"_acf_changed":false,"footnotes":""},"class_list":["post-2069","page","type-page","status-publish","hentry"],"acf":[],"_links":{"self":[{"href":"https:\/\/grundschule-am-gut.hamburg.de\/index.php?rest_route=\/wp\/v2\/pages\/2069","targetHints":{"allow":["GET"]}}],"collection":[{"href":"https:\/\/grundschule-am-gut.hamburg.de\/index.php?rest_route=\/wp\/v2\/pages"}],"about":[{"href":"https:\/\/grundschule-am-gut.hamburg.de\/index.php?rest_route=\/wp\/v2\/types\/page"}],"author":[{"embeddable":true,"href":"https:\/\/grundschule-am-gut.hamburg.de\/index.php?rest_route=\/wp\/v2\/users\/728"}],"replies":[{"embeddable":true,"href":"https:\/\/grundschule-am-gut.hamburg.de\/index.php?rest_route=%2Fwp%2Fv2%2Fcomments&post=2069"}],"version-history":[{"count":5,"href":"https:\/\/grundschule-am-gut.hamburg.de\/index.php?rest_route=\/wp\/v2\/pages\/2069\/revisions"}],"predecessor-version":[{"id":2360,"href":"https:\/\/grundschule-am-gut.hamburg.de\/index.php?rest_route=\/wp\/v2\/pages\/2069\/revisions\/2360"}],"wp:attachment":[{"href":"https:\/\/grundschule-am-gut.hamburg.de\/index.php?rest_route=%2Fwp%2Fv2%2Fmedia&parent=2069"}],"curies":[{"name":"wp","href":"https:\/\/api.w.org\/{rel}","templated":true}]}}