{"id":2053,"date":"2022-10-04T09:37:27","date_gmt":"2022-10-04T07:37:27","guid":{"rendered":"https:\/\/grundschule-am-gut.hamburg.de\/?page_id=2053"},"modified":"2024-12-13T10:50:17","modified_gmt":"2024-12-13T09:50:17","slug":"umweltgruppen","status":"publish","type":"page","link":"https:\/\/grundschule-am-gut.hamburg.de\/?page_id=2053","title":{"rendered":"Umweltgruppen"},"content":{"rendered":"<p><img loading=\"lazy\" decoding=\"async\" class=\"aligncenter wp-image-2533 \" src=\"https:\/\/grundschule-am-gut.hamburg.de\/wp-content\/uploads\/sites\/232\/2024\/04\/Molli-auf-dem-Acker-2-scaled-e1712736166704-939x1024.jpg\" alt=\"\" width=\"604\" height=\"659\" srcset=\"https:\/\/grundschule-am-gut.hamburg.de\/wp-content\/uploads\/sites\/232\/2024\/04\/Molli-auf-dem-Acker-2-scaled-e1712736166704-939x1024.jpg 939w, https:\/\/grundschule-am-gut.hamburg.de\/wp-content\/uploads\/sites\/232\/2024\/04\/Molli-auf-dem-Acker-2-scaled-e1712736166704-275x300.jpg 275w, https:\/\/grundschule-am-gut.hamburg.de\/wp-content\/uploads\/sites\/232\/2024\/04\/Molli-auf-dem-Acker-2-scaled-e1712736166704-768x838.jpg 768w, https:\/\/grundschule-am-gut.hamburg.de\/wp-content\/uploads\/sites\/232\/2024\/04\/Molli-auf-dem-Acker-2-scaled-e1712736166704-1408x1536.jpg 1408w, https:\/\/grundschule-am-gut.hamburg.de\/wp-content\/uploads\/sites\/232\/2024\/04\/Molli-auf-dem-Acker-2-scaled-e1712736166704-1878x2048.jpg 1878w, https:\/\/grundschule-am-gut.hamburg.de\/wp-content\/uploads\/sites\/232\/2024\/04\/Molli-auf-dem-Acker-2-scaled-e1712736166704.jpg 1920w\" sizes=\"auto, (max-width: 604px) 100vw, 604px\" \/><\/p>\n<p style=\"text-align: center\">Unser Schulgarten auf dem Gut Karlsh\u00f6he<\/p>\n<p>&nbsp;<\/p>\n<p><em> Foto: M. R\u00f6bke<\/em><\/p>\n<p>Wir haben an unserer Schule zwei Umweltgruppen:<\/p>\n<ul>\n<li><a href=\"https:\/\/grundschule-am-gut.hamburg.de\/?page_id=2069\">Gro\u00dfe Umweltgruppe<\/a> (ErzieherInnen, LehrerInnen, Hausmeister, GBS-Leitung und stellvertr. Schulleitung)<\/li>\n<li><a href=\"https:\/\/grundschule-am-gut.hamburg.de\/?page_id=2069\">Kleine Umweltgruppe<\/a> (Sch\u00fclerinnen und Sch\u00fcler)<\/li>\n<\/ul>\n","protected":false},"excerpt":{"rendered":"<p>Unser Schulgarten auf dem Gut Karlsh\u00f6he &nbsp; Foto: M. R\u00f6bke Wir haben an unserer Schule zwei Umweltgruppen: Gro\u00dfe Umweltgruppe (ErzieherInnen, LehrerInnen, Hausmeister, GBS-Leitung und stellvertr. Schulleitung) Kleine Umweltgruppe (Sch\u00fclerinnen und Sch\u00fcler)<\/p>\n","protected":false},"author":728,"featured_media":0,"parent":0,"menu_order":0,"comment_status":"closed","ping_status":"closed","template":"","meta":{"_acf_changed":false,"footnotes":""},"class_list":["post-2053","page","type-page","status-publish","hentry"],"acf":[],"_links":{"self":[{"href":"https:\/\/grundschule-am-gut.hamburg.de\/index.php?rest_route=\/wp\/v2\/pages\/2053","targetHints":{"allow":["GET"]}}],"collection":[{"href":"https:\/\/grundschule-am-gut.hamburg.de\/index.php?rest_route=\/wp\/v2\/pages"}],"about":[{"href":"https:\/\/grundschule-am-gut.hamburg.de\/index.php?rest_route=\/wp\/v2\/types\/page"}],"author":[{"embeddable":true,"href":"https:\/\/grundschule-am-gut.hamburg.de\/index.php?rest_route=\/wp\/v2\/users\/728"}],"replies":[{"embeddable":true,"href":"https:\/\/grundschule-am-gut.hamburg.de\/index.php?rest_route=%2Fwp%2Fv2%2Fcomments&post=2053"}],"version-history":[{"count":14,"href":"https:\/\/grundschule-am-gut.hamburg.de\/index.php?rest_route=\/wp\/v2\/pages\/2053\/revisions"}],"predecessor-version":[{"id":2795,"href":"https:\/\/grundschule-am-gut.hamburg.de\/index.php?rest_route=\/wp\/v2\/pages\/2053\/revisions\/2795"}],"wp:attachment":[{"href":"https:\/\/grundschule-am-gut.hamburg.de\/index.php?rest_route=%2Fwp%2Fv2%2Fmedia&parent=2053"}],"curies":[{"name":"wp","href":"https:\/\/api.w.org\/{rel}","templated":true}]}}