{"id":2,"date":"2015-11-05T08:58:44","date_gmt":"2015-11-05T07:58:44","guid":{"rendered":"http:\/\/grundschule-karlshoehe-mit-zweigstellen.schulhomepages.hamburg.de\/?page_id=2"},"modified":"2025-05-04T18:56:31","modified_gmt":"2025-05-04T16:56:31","slug":"beispiel-seite","status":"publish","type":"page","link":"https:\/\/grundschule-am-gut.hamburg.de\/?page_id=2","title":{"rendered":"GBS &#8211; Aus dem Nachmittag"},"content":{"rendered":"<p>Seit dem Schuljahr 2012\/2013 sind wir Ganztagsschule nach dem GBS-Modell (<span style=\"color: #ff6600\">Ganzt\u00e4gige Bildung und Betreuung an Schulen)<\/span>. An unseren beiden Standorten bieten wir in Kooperation mit einem erfahrenen Partner ein kostenloses Bildungs- und Betreuungsangebot von 13 Uhr bis 16 Uhr an. Erg\u00e4nzend gibt es eine kostenpflichtige Fr\u00fch- und Sp\u00e4tbetreuung, dazu auch eine Ferienbetreuung mit abwechslungsreichen Aktionen und Ausfl\u00fcgen.<\/p>\n<h4 style=\"text-align: left\"><strong>Nachmittagsbetreuung<\/strong><\/h4>\n<ul>\n<li>am Standort Hohnerkamp: \u201eElbkinderVereinigung Hamburger Kitas GmbH\u201c<br \/>\n\u2192 Weitere Infos finden Sie <a href=\"https:\/\/grundschule-am-gut.hamburg.de\/?page_id=2975\">hier<\/a><\/li>\n<li>am Standort Thomas-Mann-Stra\u00dfe: \u201eHamburger Kind Bildung und Betreuung gGmbH\u201c<br \/>\n\u2192 Weitere Infos finden Sie<a href=\"https:\/\/grundschule-am-gut.hamburg.de\/?page_id=2963\"> hier<\/a><\/li>\n<\/ul>\n<p>Zurzeit besuchen fast 350 Kinder, aufgeteilt in Gruppen, unsere Nachmittagsbetreuung. Jede Gruppe wird von einer Erzieherin oder einem Erzieher geleitet und zus\u00e4tzlich durch p\u00e4dagogische Kr\u00e4fte unterst\u00fctzt. F\u00fcr alle Kinder, die am offenen Ganztag teilnehmen, wird ein kostenpflichtiges Mittagessen zur Verf\u00fcgung gestellt.<\/p>\n<p>In der Regel essen die Kinder zwischen und 13 Uhr und 14.30 Uhr und haben anschlie\u00dfend die M\u00f6glichkeit in einer betreuten Gruppe ihre Hausaufgaben zu machen. Neben der Hausaufgabenbetreuung finden auch F\u00f6rderkurse statt f\u00fcr Kinder, die in ihrer Lernentwicklung Unterst\u00fctzung brauchen. Das Nachmittagsangebot beginnt zumeist um 15 Uhr und reicht von Sportkursen wie HipHop, Fu\u00dfball, Ju-Jutsu \u00fcber kreative Veranstaltungen wie Basteln mit Naturmaterialien, Pantomime und Zeichnen bis hin zu Schachkursen und Vorleseangeboten. Auch das freie Spielen kommt auf dem attraktiven Au\u00dfengel\u00e4nde, \u00fcber das jeder Standort verf\u00fcgt, nicht zu kurz.<\/p>\n<p style=\"padding-left: 40px\">\n","protected":false},"excerpt":{"rendered":"<p>Seit dem Schuljahr 2012\/2013 sind wir Ganztagsschule nach dem GBS-Modell (Ganzt\u00e4gige Bildung und Betreuung an Schulen). An unseren beiden Standorten bieten wir in Kooperation mit einem erfahrenen Partner ein kostenloses Bildungs- und Betreuungsangebot von&#46;&#46;&#46;<\/p>\n","protected":false},"author":430,"featured_media":0,"parent":0,"menu_order":0,"comment_status":"closed","ping_status":"closed","template":"","meta":{"_acf_changed":false,"footnotes":""},"class_list":["post-2","page","type-page","status-publish","hentry"],"acf":[],"_links":{"self":[{"href":"https:\/\/grundschule-am-gut.hamburg.de\/index.php?rest_route=\/wp\/v2\/pages\/2","targetHints":{"allow":["GET"]}}],"collection":[{"href":"https:\/\/grundschule-am-gut.hamburg.de\/index.php?rest_route=\/wp\/v2\/pages"}],"about":[{"href":"https:\/\/grundschule-am-gut.hamburg.de\/index.php?rest_route=\/wp\/v2\/types\/page"}],"author":[{"embeddable":true,"href":"https:\/\/grundschule-am-gut.hamburg.de\/index.php?rest_route=\/wp\/v2\/users\/430"}],"replies":[{"embeddable":true,"href":"https:\/\/grundschule-am-gut.hamburg.de\/index.php?rest_route=%2Fwp%2Fv2%2Fcomments&post=2"}],"version-history":[{"count":16,"href":"https:\/\/grundschule-am-gut.hamburg.de\/index.php?rest_route=\/wp\/v2\/pages\/2\/revisions"}],"predecessor-version":[{"id":2988,"href":"https:\/\/grundschule-am-gut.hamburg.de\/index.php?rest_route=\/wp\/v2\/pages\/2\/revisions\/2988"}],"wp:attachment":[{"href":"https:\/\/grundschule-am-gut.hamburg.de\/index.php?rest_route=%2Fwp%2Fv2%2Fmedia&parent=2"}],"curies":[{"name":"wp","href":"https:\/\/api.w.org\/{rel}","templated":true}]}}