{"id":1425,"date":"2021-02-10T10:53:50","date_gmt":"2021-02-10T09:53:50","guid":{"rendered":"https:\/\/grundschule-karlshoehe.hamburg.de\/?page_id=1425"},"modified":"2025-04-15T10:41:10","modified_gmt":"2025-04-15T08:41:10","slug":"internet-abc","status":"publish","type":"page","link":"https:\/\/grundschule-am-gut.hamburg.de\/?page_id=1425","title":{"rendered":"Internet ABC"},"content":{"rendered":"<div>\n<p><img loading=\"lazy\" decoding=\"async\" class=\"alignleft size-full wp-image-1427\" src=\"https:\/\/grundschule-am-gut.hamburg.de\/wp-content\/uploads\/sites\/232\/2021\/02\/logo-internet-abc.jpg\" alt=\"\" width=\"126\" height=\"225\" \/><\/p>\n<p style=\"font-weight: 400\">Seit f\u00fcnf Jahren arbeiten wir an unserer Schule mit dem Internet ABC. Es ist fester Bestandteil des Sachunterrichts geworden. In den Jahrg\u00e4ngen 3 und 4 arbeiten unsere Sch\u00fclerInnen im Unterricht an Themen, zu denen sie auch selbstst\u00e4ndig auf die Suche nach Informationen gehen. Die Recherchearbeit im Internet birgt viel Potenzial, aber auch Schwierigkeiten und Gefahren. Aus diesem Grund haben wir uns an unserer Schule dazu entschlossen, die Kinder zu einem kompetenten Umgang mit dem Internet zu bef\u00e4higen. Das Angebot des Internet-ABCs bietet eine gut strukturierte, kindgerechte Aufbereitung der Methoden und hat uns \u00fcberzeugt, dieses Konzept weiterhin in unsere schulische Arbeit zu integrieren. In jedem der vier Halbjahre der Jahrg\u00e4nge 3 und 4 gibt es ein Modul, welches im Sachunterricht bearbeitet wird.<\/p>\n<p style=\"font-weight: 400\">Das Internet-ABC ist eine Medienkompetenz-Initiative der deutschen Landesmedienanstalten. Ausf\u00fchrliche Informationen finden Sie auf der der Website <a href=\"https:\/\/www.internet-abc.de\">www.internet-abc.de<\/a><\/p>\n<p style=\"font-weight: 400\">Verschiedene Themen haben wir als Schwerpunkte f\u00fcr unsere Sch\u00fcler\/innen ausgew\u00e4hlt.<\/p>\n<ul style=\"font-weight: 400\">\n<li>Unterwegs im Internet \u2013 So geht\u2019s!<\/li>\n<li>Suchen und Finden im Internet<\/li>\n<li>Datenschutz \u2013 das bleibt privat!<\/li>\n<li>Gefahren im Internet<\/li>\n<\/ul>\n<p>Zum Thema \u201eMedienkompetenz von Kindern\u201c werden Informationen auf den Elternabenden gegeben. Am Ende des letzten Schuljahres konnten wir einen Online-Themenabend zum Thema Internet, Soziale Netzwerke, Cybermobbing im Grundschulalter f\u00fcr die Klassen 3 und 4 anbieten. Wir arbeiten hier mit dem Verein Tide zusammen. Elternmedienlotsen begleiten die Eltern bei einer sinnvollen Nutzung von Medien in den ersten Schuljahren.<\/p>\n<p>Im Unterricht wird das Internet-ABC auf unseren C-Touch-Ger\u00e4ten (in jedem Klassenraum) eingef\u00fchrt und mit Hilfe unserer Sch\u00fcler-iPads dann individuell vertieft und selbstst\u00e4ndig bearbeitet. <a href=\"https:\/\/grundschule-am-gut.hamburg.de\/wp-content\/uploads\/sites\/232\/2025\/04\/internet-abc.pdf\">Hier finden Sie den Bericht \u201eSo l\u00e4uft das Internet-ABC bei uns\u201c<\/a>. H\u00e4ufig entstehen im Unterricht spannende Diskussionen zur Nutzung von Medien in den Klassen.<\/p>\n<p>&nbsp;<\/p>\n<p style=\"font-weight: 400\">Der Jahrgang 4 hat Comics zu Themen \u201eInternet ABC\u201c erstellt.<\/p>\n<\/div>\n<div>\n<h4 style=\"padding-left: 40px\"><img loading=\"lazy\" decoding=\"async\" class=\"alignleft size-medium wp-image-1979\" src=\"https:\/\/grundschule-am-gut.hamburg.de\/wp-content\/uploads\/sites\/232\/2022\/07\/FB4ABA81-557C-453D-A74E-94C62EE1A01F-e1657271693277-300x252.png\" alt=\"\" width=\"300\" height=\"252\" srcset=\"https:\/\/grundschule-am-gut.hamburg.de\/wp-content\/uploads\/sites\/232\/2022\/07\/FB4ABA81-557C-453D-A74E-94C62EE1A01F-e1657271693277-300x252.png 300w, https:\/\/grundschule-am-gut.hamburg.de\/wp-content\/uploads\/sites\/232\/2022\/07\/FB4ABA81-557C-453D-A74E-94C62EE1A01F-e1657271693277-1024x861.png 1024w, https:\/\/grundschule-am-gut.hamburg.de\/wp-content\/uploads\/sites\/232\/2022\/07\/FB4ABA81-557C-453D-A74E-94C62EE1A01F-e1657271693277-768x646.png 768w, https:\/\/grundschule-am-gut.hamburg.de\/wp-content\/uploads\/sites\/232\/2022\/07\/FB4ABA81-557C-453D-A74E-94C62EE1A01F-e1657271693277-1536x1291.png 1536w, https:\/\/grundschule-am-gut.hamburg.de\/wp-content\/uploads\/sites\/232\/2022\/07\/FB4ABA81-557C-453D-A74E-94C62EE1A01F-e1657271693277.png 1695w\" sizes=\"auto, (max-width: 300px) 100vw, 300px\" \/>Comics zum Thema: \u201eDatenklau\u201c<\/h4>\n<ul>\n<li><a href=\"https:\/\/grundschule-am-gut.hamburg.de\/wp-content\/uploads\/sites\/232\/2022\/07\/ComicInternetABCMarie.pdf\">ComicInternetABCMarie<\/a><\/li>\n<li><a href=\"https:\/\/grundschule-am-gut.hamburg.de\/wp-content\/uploads\/sites\/232\/2022\/07\/ComicInternetABCJule.pdf\">ComicInternetABCJule<\/a><\/li>\n<\/ul>\n<\/div>\n<p>&nbsp;<\/p>\n<p>&nbsp;<\/p>\n<p>&nbsp;<\/p>\n<p>&nbsp;<\/p>\n<p>&nbsp;<\/p>\n<p><span style=\"font-size: 10pt\"><em>Text: Michaela Langschwager<\/em><\/span><\/p>\n","protected":false},"excerpt":{"rendered":"<p>Seit f\u00fcnf Jahren arbeiten wir an unserer Schule mit dem Internet ABC. Es ist fester Bestandteil des Sachunterrichts geworden. In den Jahrg\u00e4ngen 3 und 4 arbeiten unsere Sch\u00fclerInnen im Unterricht an Themen, zu denen&#46;&#46;&#46;<\/p>\n","protected":false},"author":728,"featured_media":0,"parent":0,"menu_order":0,"comment_status":"closed","ping_status":"closed","template":"","meta":{"_acf_changed":false,"footnotes":""},"class_list":["post-1425","page","type-page","status-publish","hentry"],"acf":[],"_links":{"self":[{"href":"https:\/\/grundschule-am-gut.hamburg.de\/index.php?rest_route=\/wp\/v2\/pages\/1425","targetHints":{"allow":["GET"]}}],"collection":[{"href":"https:\/\/grundschule-am-gut.hamburg.de\/index.php?rest_route=\/wp\/v2\/pages"}],"about":[{"href":"https:\/\/grundschule-am-gut.hamburg.de\/index.php?rest_route=\/wp\/v2\/types\/page"}],"author":[{"embeddable":true,"href":"https:\/\/grundschule-am-gut.hamburg.de\/index.php?rest_route=\/wp\/v2\/users\/728"}],"replies":[{"embeddable":true,"href":"https:\/\/grundschule-am-gut.hamburg.de\/index.php?rest_route=%2Fwp%2Fv2%2Fcomments&post=1425"}],"version-history":[{"count":20,"href":"https:\/\/grundschule-am-gut.hamburg.de\/index.php?rest_route=\/wp\/v2\/pages\/1425\/revisions"}],"predecessor-version":[{"id":2886,"href":"https:\/\/grundschule-am-gut.hamburg.de\/index.php?rest_route=\/wp\/v2\/pages\/1425\/revisions\/2886"}],"wp:attachment":[{"href":"https:\/\/grundschule-am-gut.hamburg.de\/index.php?rest_route=%2Fwp%2Fv2%2Fmedia&parent=1425"}],"curies":[{"name":"wp","href":"https:\/\/api.w.org\/{rel}","templated":true}]}}