{"id":13,"date":"2015-11-13T19:14:56","date_gmt":"2015-11-13T18:14:56","guid":{"rendered":"http:\/\/grundschule-karlshoehe-mit-zweigstellen.schulhomepages.hamburg.de\/?page_id=13"},"modified":"2024-05-07T14:37:40","modified_gmt":"2024-05-07T12:37:40","slug":"leitbild","status":"publish","type":"page","link":"https:\/\/grundschule-am-gut.hamburg.de\/?page_id=13","title":{"rendered":"Leitbild"},"content":{"rendered":"<p><img loading=\"lazy\" decoding=\"async\" class=\"aligncenter size-large wp-image-2661\" src=\"https:\/\/grundschule-am-gut.hamburg.de\/wp-content\/uploads\/sites\/232\/2024\/05\/Plakat-Leitsaetze-mit-NEUEM-Logo-Kopie-2-scaled-e1715085355166-1024x520.jpg\" alt=\"\" width=\"1024\" height=\"520\" srcset=\"https:\/\/grundschule-am-gut.hamburg.de\/wp-content\/uploads\/sites\/232\/2024\/05\/Plakat-Leitsaetze-mit-NEUEM-Logo-Kopie-2-scaled-e1715085355166-1024x520.jpg 1024w, https:\/\/grundschule-am-gut.hamburg.de\/wp-content\/uploads\/sites\/232\/2024\/05\/Plakat-Leitsaetze-mit-NEUEM-Logo-Kopie-2-scaled-e1715085355166-300x152.jpg 300w, https:\/\/grundschule-am-gut.hamburg.de\/wp-content\/uploads\/sites\/232\/2024\/05\/Plakat-Leitsaetze-mit-NEUEM-Logo-Kopie-2-scaled-e1715085355166-768x390.jpg 768w, https:\/\/grundschule-am-gut.hamburg.de\/wp-content\/uploads\/sites\/232\/2024\/05\/Plakat-Leitsaetze-mit-NEUEM-Logo-Kopie-2-scaled-e1715085355166-1536x780.jpg 1536w, https:\/\/grundschule-am-gut.hamburg.de\/wp-content\/uploads\/sites\/232\/2024\/05\/Plakat-Leitsaetze-mit-NEUEM-Logo-Kopie-2-scaled-e1715085355166-2048x1041.jpg 2048w\" sizes=\"auto, (max-width: 1024px) 100vw, 1024px\" \/><\/p>\n<p>&nbsp;<\/p>\n<p>Wir \u2013 Sch\u00fclerinnen und Sch\u00fcler, Lehrerinnen, p\u00e4dagogische Fachkr\u00e4fte und Eltern der Grundschule am Gut \u2013 gestalten gemeinsam das Leben und Lernen an den beiden\u00a0Standorten unserer Schule. Die folgenden Leits\u00e4tze dienen als Grundlage f\u00fcr die gemeinsame Arbeit:<\/p>\n<p>1. LEITSATZ<br \/>\n<strong><span style=\"color: #ff6600\">Selbstbewusst sein<\/span><\/strong><br \/>\nWir erm\u00f6glichen und gestalten ein Lern- und Lebensumfeld f\u00fcr Kinder, in dem sie sich zu eigenverantwortlichen und selbstbewussten Pers\u00f6nlichkeiten entwickeln: Wir geben Raum und unterst\u00fctzen bei der Entwicklung von Selbstvertrauen, indem Kinder ihre eigenen Gef\u00fchle wahrnehmen und benennen, eigene Ideen sowie Talente entwickeln, die eigene Meinung vertreten k\u00f6nnen, sich entscheiden und auch \u00bbNein\u00ab sagen lernen.<\/p>\n<p>2. LEITSATZ<br \/>\n<strong><span style=\"color: #ff6600\">Verantwortlich sein<\/span><\/strong><br \/>\nWir leiten Kinder dazu an, Verantwortung f\u00fcr das eigene Handeln zu \u00fcbernehmen mit dem Bewusstsein, dass Handeln vielf\u00e4ltige Auswirkungen nach sich zieht \u2013 auf sich selbst, auf die Beziehung zu anderen, auf die Umwelt. Wir ermutigen die Kinder zu Entscheidungen und m\u00f6glichen Fehlern zu stehen und dabei wertgesch\u00e4tzt zu bleiben.<\/p>\n<p>3. LEITSATZ<br \/>\n<strong><span style=\"color: #ff6600\">Respektvoll sein<\/span><\/strong><br \/>\nWir akzeptieren unsere Unterschiedlichkeiten und leben ein respektvolles Miteinander, indem wir:<br \/>\n\u2022 einander zuh\u00f6ren und ausreden lassen<br \/>\n\u2022 uns so verhalten, wie wir selbst behandelt werden m\u00f6chten<br \/>\n\u2022 hilfsbereit und h\u00f6flich sind<br \/>\n\u2022 Konflikte verbal l\u00f6sen oder uns Unterst\u00fctzung holen<br \/>\n\u2022 den Sinn f\u00fcr Gerechtigkeit erhalten<\/p>\n<p>4. LEITSATZ<br \/>\n<strong><span style=\"color: #ff6600\">Selbstst\u00e4ndig und teamf\u00e4hig sein<\/span><\/strong><br \/>\nWir vermitteln Kindern Methoden zum selbstst\u00e4ndig Werden im Bereich von Lernen, Erweiterung von Wissen und Priorit\u00e4ten setzen. Wir lernen in Gruppen, mit dem Ziel teamf\u00e4hig zu sein und pers\u00f6nliche Beziehungen zu gestalten, um sich in neuen und unbekannten Situationen bewegen zu k\u00f6nnen.<\/p>\n<p>&nbsp;<\/p>\n<p>Unsere Sch\u00fclerinnen und Sch\u00fcler sollen am Ende der Grundschulzeit lernmethodische, fachliche und soziale Kompetenzen erworben haben. Diese werden in unserem schulinternen Curriculum definiert, es ist Grundlage der Wissensvermittlung und Bildung.<\/p>\n<p>Eltern, Lehrerinnen und p\u00e4dagogische Fachkr\u00e4fte unterst\u00fctzen sich gegenseitig, um die Entwicklung der Kinder zu f\u00f6rdern.<\/p>\n<p>Wir befinden uns in einem st\u00e4ndigen Entwicklungsprozess. Die Leits\u00e4tze werden fortlaufend evaluiert.<\/p>\n","protected":false},"excerpt":{"rendered":"<p>&nbsp; Wir \u2013 Sch\u00fclerinnen und Sch\u00fcler, Lehrerinnen, p\u00e4dagogische Fachkr\u00e4fte und Eltern der Grundschule am Gut \u2013 gestalten gemeinsam das Leben und Lernen an den beiden\u00a0Standorten unserer Schule. Die folgenden Leits\u00e4tze dienen als Grundlage f\u00fcr&#46;&#46;&#46;<\/p>\n","protected":false},"author":430,"featured_media":0,"parent":0,"menu_order":0,"comment_status":"closed","ping_status":"closed","template":"","meta":{"_acf_changed":false,"footnotes":""},"class_list":["post-13","page","type-page","status-publish","hentry"],"acf":[],"_links":{"self":[{"href":"https:\/\/grundschule-am-gut.hamburg.de\/index.php?rest_route=\/wp\/v2\/pages\/13","targetHints":{"allow":["GET"]}}],"collection":[{"href":"https:\/\/grundschule-am-gut.hamburg.de\/index.php?rest_route=\/wp\/v2\/pages"}],"about":[{"href":"https:\/\/grundschule-am-gut.hamburg.de\/index.php?rest_route=\/wp\/v2\/types\/page"}],"author":[{"embeddable":true,"href":"https:\/\/grundschule-am-gut.hamburg.de\/index.php?rest_route=\/wp\/v2\/users\/430"}],"replies":[{"embeddable":true,"href":"https:\/\/grundschule-am-gut.hamburg.de\/index.php?rest_route=%2Fwp%2Fv2%2Fcomments&post=13"}],"version-history":[{"count":5,"href":"https:\/\/grundschule-am-gut.hamburg.de\/index.php?rest_route=\/wp\/v2\/pages\/13\/revisions"}],"predecessor-version":[{"id":2667,"href":"https:\/\/grundschule-am-gut.hamburg.de\/index.php?rest_route=\/wp\/v2\/pages\/13\/revisions\/2667"}],"wp:attachment":[{"href":"https:\/\/grundschule-am-gut.hamburg.de\/index.php?rest_route=%2Fwp%2Fv2%2Fmedia&parent=13"}],"curies":[{"name":"wp","href":"https:\/\/api.w.org\/{rel}","templated":true}]}}