{"id":1164,"date":"2020-10-26T15:25:36","date_gmt":"2020-10-26T14:25:36","guid":{"rendered":"https:\/\/grundschule-karlshoehe.hamburg.de\/?page_id=1164"},"modified":"2025-03-24T10:19:18","modified_gmt":"2025-03-24T09:19:18","slug":"aus-dem-unterricht","status":"publish","type":"page","link":"https:\/\/grundschule-am-gut.hamburg.de\/?page_id=1164","title":{"rendered":"Aus dem Unterricht"},"content":{"rendered":"<p>Auf den folgenden Unterseiten &#8211; die im Laufe der n\u00e4chsten Wochen gef\u00fcllt werden &#8211; stellen wir Ihnen einige besonders sch\u00f6ne Arbeiten oder Projekte unserer Sch\u00fclerinnen und Sch\u00fcler vor:<\/p>\n<ul>\n<li><a href=\"https:\/\/grundschule-am-gut.hamburg.de\/?page_id=1166\">VSK<\/a><\/li>\n<li><a href=\"https:\/\/grundschule-am-gut.hamburg.de\/?cat=21\">Sachunterricht<\/a><\/li>\n<\/ul>\n","protected":false},"excerpt":{"rendered":"<p>Auf den folgenden Unterseiten &#8211; die im Laufe der n\u00e4chsten Wochen gef\u00fcllt werden &#8211; stellen wir Ihnen einige besonders sch\u00f6ne Arbeiten oder Projekte unserer Sch\u00fclerinnen und Sch\u00fcler vor: VSK Sachunterricht<\/p>\n","protected":false},"author":728,"featured_media":0,"parent":0,"menu_order":0,"comment_status":"closed","ping_status":"closed","template":"","meta":{"_acf_changed":false,"footnotes":""},"class_list":["post-1164","page","type-page","status-publish","hentry"],"acf":[],"_links":{"self":[{"href":"https:\/\/grundschule-am-gut.hamburg.de\/index.php?rest_route=\/wp\/v2\/pages\/1164","targetHints":{"allow":["GET"]}}],"collection":[{"href":"https:\/\/grundschule-am-gut.hamburg.de\/index.php?rest_route=\/wp\/v2\/pages"}],"about":[{"href":"https:\/\/grundschule-am-gut.hamburg.de\/index.php?rest_route=\/wp\/v2\/types\/page"}],"author":[{"embeddable":true,"href":"https:\/\/grundschule-am-gut.hamburg.de\/index.php?rest_route=\/wp\/v2\/users\/728"}],"replies":[{"embeddable":true,"href":"https:\/\/grundschule-am-gut.hamburg.de\/index.php?rest_route=%2Fwp%2Fv2%2Fcomments&post=1164"}],"version-history":[{"count":5,"href":"https:\/\/grundschule-am-gut.hamburg.de\/index.php?rest_route=\/wp\/v2\/pages\/1164\/revisions"}],"predecessor-version":[{"id":2851,"href":"https:\/\/grundschule-am-gut.hamburg.de\/index.php?rest_route=\/wp\/v2\/pages\/1164\/revisions\/2851"}],"wp:attachment":[{"href":"https:\/\/grundschule-am-gut.hamburg.de\/index.php?rest_route=%2Fwp%2Fv2%2Fmedia&parent=1164"}],"curies":[{"name":"wp","href":"https:\/\/api.w.org\/{rel}","templated":true}]}}