{"id":1056,"date":"2020-08-07T09:25:03","date_gmt":"2020-08-07T07:25:03","guid":{"rendered":"https:\/\/grundschule-karlshoehe.hamburg.de\/?page_id=1056"},"modified":"2025-07-21T10:05:15","modified_gmt":"2025-07-21T08:05:15","slug":"informationen-rund-um-unsere-schule","status":"publish","type":"page","link":"https:\/\/grundschule-am-gut.hamburg.de\/?page_id=1056","title":{"rendered":"Informationen rund um unsere Schule"},"content":{"rendered":"<p>Hier finden Sie den Schul-Flyer zum Download: <a href=\"https:\/\/grundschule-am-gut.hamburg.de\/wp-content\/uploads\/sites\/232\/2025\/07\/Schulflyer-beschreibbar-Stand-21.07.2025.pdf\" target=\"_blank\" rel=\"noopener\">Schulflyer Stand 07\/25<\/a><\/p>\n<p><img loading=\"lazy\" decoding=\"async\" class=\"alignnone size-large wp-image-3119\" src=\"https:\/\/grundschule-am-gut.hamburg.de\/wp-content\/uploads\/sites\/232\/2025\/07\/Bildschirmfoto-2025-07-21-um-10.03.52-1024x610.png\" alt=\"\" width=\"1024\" height=\"610\" srcset=\"https:\/\/grundschule-am-gut.hamburg.de\/wp-content\/uploads\/sites\/232\/2025\/07\/Bildschirmfoto-2025-07-21-um-10.03.52-1024x610.png 1024w, https:\/\/grundschule-am-gut.hamburg.de\/wp-content\/uploads\/sites\/232\/2025\/07\/Bildschirmfoto-2025-07-21-um-10.03.52-300x179.png 300w, https:\/\/grundschule-am-gut.hamburg.de\/wp-content\/uploads\/sites\/232\/2025\/07\/Bildschirmfoto-2025-07-21-um-10.03.52-768x458.png 768w, https:\/\/grundschule-am-gut.hamburg.de\/wp-content\/uploads\/sites\/232\/2025\/07\/Bildschirmfoto-2025-07-21-um-10.03.52-1536x916.png 1536w, https:\/\/grundschule-am-gut.hamburg.de\/wp-content\/uploads\/sites\/232\/2025\/07\/Bildschirmfoto-2025-07-21-um-10.03.52-2048x1221.png 2048w\" sizes=\"auto, (max-width: 1024px) 100vw, 1024px\" \/><\/p>\n<p>&nbsp;<\/p>\n<p style=\"padding-left: 40px\"><strong><em>Merkblatt zum Umgang mit Infekten<\/em><\/strong><br \/>\nPassend zur Jahreszeit hat die f\u00fcr Gesundheit zust\u00e4ndige Sozialbeh\u00f6rde das <strong><em>Merkblatt zum Umgang mit Infekten<\/em><\/strong><i>\u00a0aktualisiert. Den Inhalt des Merkblattes finden Sie unter <a href=\"http:\/\/www.hamburg.de\/infekte\">www.hamburg.de\/infekte<\/a>.\u00a0<\/i><\/p>\n","protected":false},"excerpt":{"rendered":"<p>Hier finden Sie den Schul-Flyer zum Download: Schulflyer Stand 07\/25 &nbsp; Merkblatt zum Umgang mit Infekten Passend zur Jahreszeit hat die f\u00fcr Gesundheit zust\u00e4ndige Sozialbeh\u00f6rde das Merkblatt zum Umgang mit Infekten\u00a0aktualisiert. Den Inhalt des&#46;&#46;&#46;<\/p>\n","protected":false},"author":728,"featured_media":0,"parent":0,"menu_order":0,"comment_status":"closed","ping_status":"closed","template":"","meta":{"_acf_changed":false,"footnotes":""},"class_list":["post-1056","page","type-page","status-publish","hentry"],"acf":[],"_links":{"self":[{"href":"https:\/\/grundschule-am-gut.hamburg.de\/index.php?rest_route=\/wp\/v2\/pages\/1056","targetHints":{"allow":["GET"]}}],"collection":[{"href":"https:\/\/grundschule-am-gut.hamburg.de\/index.php?rest_route=\/wp\/v2\/pages"}],"about":[{"href":"https:\/\/grundschule-am-gut.hamburg.de\/index.php?rest_route=\/wp\/v2\/types\/page"}],"author":[{"embeddable":true,"href":"https:\/\/grundschule-am-gut.hamburg.de\/index.php?rest_route=\/wp\/v2\/users\/728"}],"replies":[{"embeddable":true,"href":"https:\/\/grundschule-am-gut.hamburg.de\/index.php?rest_route=%2Fwp%2Fv2%2Fcomments&post=1056"}],"version-history":[{"count":28,"href":"https:\/\/grundschule-am-gut.hamburg.de\/index.php?rest_route=\/wp\/v2\/pages\/1056\/revisions"}],"predecessor-version":[{"id":3120,"href":"https:\/\/grundschule-am-gut.hamburg.de\/index.php?rest_route=\/wp\/v2\/pages\/1056\/revisions\/3120"}],"wp:attachment":[{"href":"https:\/\/grundschule-am-gut.hamburg.de\/index.php?rest_route=%2Fwp%2Fv2%2Fmedia&parent=1056"}],"curies":[{"name":"wp","href":"https:\/\/api.w.org\/{rel}","templated":true}]}}